{"id":4703,"date":"2020-10-09T20:50:49","date_gmt":"2020-10-09T18:50:49","guid":{"rendered":"https:\/\/www.opti-x.com\/?page_id=4703"},"modified":"2021-07-27T19:39:15","modified_gmt":"2021-07-27T17:39:15","slug":"aterforsaljare","status":"publish","type":"page","link":"https:\/\/www.opti-x.com\/en\/aterforsaljare\/","title":{"rendered":"Resellers"},"content":{"rendered":"<div data-elementor-type=\"wp-page\" data-elementor-id=\"4703\" class=\"elementor elementor-4703\">\n\t\t\t\t\t\t<div class=\"elementor-inner\">\n\t\t\t\t<div class=\"elementor-section-wrap\">\n\t\t\t\t\t\t\t\t\t<section class=\"elementor-section elementor-top-section elementor-element elementor-element-efdc4af elementor-section-boxed elementor-section-height-default elementor-section-height-default\" data-id=\"efdc4af\" data-element_type=\"section\">\n\t\t\t\t\t\t<div class=\"elementor-container elementor-column-gap-default\">\n\t\t\t\t\t\t\t<div class=\"elementor-row\">\n\t\t\t\t\t<div class=\"elementor-column elementor-col-100 elementor-top-column elementor-element elementor-element-ee29bc0\" data-id=\"ee29bc0\" data-element_type=\"column\">\n\t\t\t<div class=\"elementor-column-wrap elementor-element-populated\">\n\t\t\t\t\t\t\t<div class=\"elementor-widget-wrap\">\n\t\t\t\t\t\t<div class=\"elementor-element elementor-element-7a0bacf elementor-widget elementor-widget-heading\" data-id=\"7a0bacf\" data-element_type=\"widget\" data-widget_type=\"heading.default\">\n\t\t\t\t<div class=\"elementor-widget-container\">\n\t\t\t<h1 class=\"elementor-heading-title elementor-size-default\">Resellers<\/h1>\t\t<\/div>\n\t\t\t\t<\/div>\n\t\t\t\t<div class=\"elementor-element elementor-element-5509cb8 decoration-lines-hide-not elementor-widget elementor-widget-motor-title-decoration-lines\" data-id=\"5509cb8\" data-element_type=\"widget\" data-widget_type=\"motor-title-decoration-lines.default\">\n\t\t\t\t<div class=\"elementor-widget-container\">\n\t\t\t        <span class=\"decoration-lines-1\"><\/span><span class=\"decoration-lines-2\"><\/span>\n        \t\t<\/div>\n\t\t\t\t<\/div>\n\t\t\t\t\t\t<\/div>\n\t\t\t\t\t<\/div>\n\t\t<\/div>\n\t\t\t\t\t\t\t\t<\/div>\n\t\t\t\t\t<\/div>\n\t\t<\/section>\n\t\t\t\t<section class=\"elementor-section elementor-top-section elementor-element elementor-element-2414c65 elementor-section-boxed elementor-section-height-default elementor-section-height-default\" data-id=\"2414c65\" data-element_type=\"section\">\n\t\t\t\t\t\t<div class=\"elementor-container elementor-column-gap-default\">\n\t\t\t\t\t\t\t<div class=\"elementor-row\">\n\t\t\t\t\t<div class=\"elementor-column elementor-col-100 elementor-top-column elementor-element elementor-element-67a117d\" data-id=\"67a117d\" data-element_type=\"column\" data-settings=\"{&quot;background_background&quot;:&quot;classic&quot;}\">\n\t\t\t<div class=\"elementor-column-wrap elementor-element-populated\">\n\t\t\t\t\t\t\t<div class=\"elementor-widget-wrap\">\n\t\t\t\t\t\t<div class=\"elementor-element elementor-element-471371c elementor-widget elementor-widget-alert\" data-id=\"471371c\" data-element_type=\"widget\" data-widget_type=\"alert.default\">\n\t\t\t\t<div class=\"elementor-widget-container\">\n\t\t\t<style>.elementor-element-471371c{display:none !important}<\/style>\t\t<\/div>\n\t\t\t\t<\/div>\n\t\t\t\t<div class=\"elementor-element elementor-element-a8d3209 elementor-widget elementor-widget-text-editor\" data-id=\"a8d3209\" data-element_type=\"widget\" data-widget_type=\"text-editor.default\">\n\t\t\t\t<div class=\"elementor-widget-container\">\n\t\t\t\t\t\t\t\t<div class=\"elementor-text-editor elementor-clearfix\">\n\t\t\t\t<p>Do you feel that there is an available space for you in the vehicle tuning market but do not have the resources or experience to do everything yourself?<\/p><p>Then we recommend that you become a reseller for Opti-X AB!<\/p><p>As a reseller, you get your own account here on our website that allows you to upload files that we tune for you.<br \/>You can then download the tuned file and install it in your customer's vehicle.<\/p><p>This applies to all vehicles that are listed <a href=\"https:\/\/www.opti-x.com\/en\/optimera\/\">here.<\/a><\/p><p>When you are logged in, you can also buy our <a href=\"\/en\/product-category\/adblue\/\">AdBlue<\/a> and <a href=\"\/en\/product-category\/dpf\/\">DPF<\/a> boxes at a discounted price.<\/p><p><b>Apply to become a reseller<\/b><\/p>\t\t\t\t\t<\/div>\n\t\t\t\t\t\t<\/div>\n\t\t\t\t<\/div>\n\t\t\t\t<div class=\"elementor-element elementor-element-0ba0c59 elementor-widget elementor-widget-motor-form\" data-id=\"0ba0c59\" data-element_type=\"widget\" data-widget_type=\"motor-form.default\">\n\t\t\t\t<div class=\"elementor-widget-container\">\n\t\t\t\n<div class=\"wpcf7 no-js\" id=\"wpcf7-f4702-o1\" lang=\"sv-SE\" dir=\"ltr\">\n<div class=\"screen-reader-response\"><p role=\"status\" aria-live=\"polite\" aria-atomic=\"true\"><\/p> <ul><\/ul><\/div>\n<form action=\"\/en\/wp-json\/wp\/v2\/pages\/4703#wpcf7-f4702-o1\" method=\"post\" class=\"wpcf7-form init\" aria-label=\"Kontaktformul\u00e4r\" novalidate=\"novalidate\" data-status=\"init\" data-trp-original-action=\"\/en\/wp-json\/wp\/v2\/pages\/4703#wpcf7-f4702-o1\">\n<div style=\"display: none;\">\n<input type=\"hidden\" name=\"_wpcf7\" value=\"4702\" \/>\n<input type=\"hidden\" name=\"_wpcf7_version\" value=\"5.7.7\" \/>\n<input type=\"hidden\" name=\"_wpcf7_locale\" value=\"sv_SE\" \/>\n<input type=\"hidden\" name=\"_wpcf7_unit_tag\" value=\"wpcf7-f4702-o1\" \/>\n<input type=\"hidden\" name=\"_wpcf7_container_post\" value=\"0\" \/>\n<input type=\"hidden\" name=\"_wpcf7_posted_data_hash\" value=\"\" \/>\n<input type=\"hidden\" name=\"_wpcf7cf_hidden_group_fields\" value=\"[]\" \/>\n<input type=\"hidden\" name=\"_wpcf7cf_hidden_groups\" value=\"[]\" \/>\n<input type=\"hidden\" name=\"_wpcf7cf_visible_groups\" value=\"[]\" \/>\n<input type=\"hidden\" name=\"_wpcf7cf_repeaters\" value=\"[]\" \/>\n<input type=\"hidden\" name=\"_wpcf7cf_steps\" value=\"{}\" \/>\n<input type=\"hidden\" name=\"_wpcf7cf_options\" value=\"{&quot;form_id&quot;:4702,&quot;conditions&quot;:[],&quot;settings&quot;:{&quot;animation&quot;:&quot;yes&quot;,&quot;animation_intime&quot;:&quot;200&quot;,&quot;animation_outtime&quot;:&quot;200&quot;,&quot;conditions_ui&quot;:&quot;normal&quot;,&quot;notice_dismissed&quot;:true,&quot;wpcf7cf_settings_saved&quot;:1,&quot;notice_dismissed_rollback-cf7-5.3.2&quot;:true,&quot;notice_dismissed_rollback-cf7-5.4.1&quot;:true,&quot;notice_dismissed_update-cf7-6.1.3&quot;:true}}\" \/>\n<\/div>\n<p><label> First name (*):<br \/>\n<span class=\"wpcf7-form-control-wrap\" data-name=\"first-name\"><input size=\"40\" class=\"wpcf7-form-control wpcf7-text wpcf7-validates-as-required\" aria-required=\"true\" aria-invalid=\"false\" value=\"\" type=\"text\" name=\"first-name\" \/><\/span> <\/label>\n<\/p>\n<p><label> Last name (*):<br \/>\n<span class=\"wpcf7-form-control-wrap\" data-name=\"last-name\"><input size=\"40\" class=\"wpcf7-form-control wpcf7-text wpcf7-validates-as-required\" aria-required=\"true\" aria-invalid=\"false\" value=\"\" type=\"text\" name=\"last-name\" \/><\/span> <\/label>\n<\/p>\n<p><label> Company name:<br \/>\n<span class=\"wpcf7-form-control-wrap\" data-name=\"company\"><input size=\"40\" class=\"wpcf7-form-control wpcf7-text\" aria-invalid=\"false\" value=\"\" type=\"text\" name=\"company\" \/><\/span> <\/label>\n<\/p>\n<p><label> Org\/VAT Number (*):<br \/>\n<span class=\"wpcf7-form-control-wrap\" data-name=\"company-no\"><input size=\"40\" class=\"wpcf7-form-control wpcf7-text wpcf7-validates-as-required\" aria-required=\"true\" aria-invalid=\"false\" value=\"\" type=\"text\" name=\"company-no\" \/><\/span> <\/label>\n<\/p>\n<p><label> Telephone number (*):<br \/>\n<span class=\"wpcf7-form-control-wrap\" data-name=\"tel\"><input size=\"40\" class=\"wpcf7-form-control wpcf7-text wpcf7-validates-as-required\" aria-required=\"true\" aria-invalid=\"false\" value=\"\" type=\"text\" name=\"tel\" \/><\/span> <\/label>\n<\/p>\n<p><label> Your e-mail (*):<br \/>\n<span class=\"wpcf7-form-control-wrap\" data-name=\"your-email\"><input size=\"40\" class=\"wpcf7-form-control wpcf7-text wpcf7-email wpcf7-validates-as-required wpcf7-validates-as-email\" aria-required=\"true\" aria-invalid=\"false\" value=\"\" type=\"email\" name=\"your-email\" \/><\/span> <\/label>\n<\/p>\n<p><input class=\"wpcf7-form-control has-spinner wpcf7-submit\" type=\"submit\" value=\"Send application\" \/>\n<\/p>\n<p><b>*<\/b><i>Mandatory<\/i>\n<\/p><div class=\"wpcf7-response-output\" aria-hidden=\"true\"><\/div>\n<input type=\"hidden\" name=\"trp-form-language\" value=\"en\"\/><\/form>\n<\/div>\n\t\t<\/div>\n\t\t\t\t<\/div>\n\t\t\t\t\t\t<\/div>\n\t\t\t\t\t<\/div>\n\t\t<\/div>\n\t\t\t\t\t\t\t\t<\/div>\n\t\t\t\t\t<\/div>\n\t\t<\/section>\n\t\t\t\t\t\t\t\t\t<\/div>\n\t\t\t<\/div>\n\t\t\t\t\t<\/div>","protected":false},"excerpt":{"rendered":"<p>\u00c5terf\u00f6rs\u00e4ljare K\u00e4nner du att det finns en plats f\u00f6r dig p\u00e5 marknaden inom fordonsoptimering men har inte resurserna eller erfarenheten att g\u00f6ra allt sj\u00e4lv? D\u00e5 rekommenderar vi att du blir \u00e5terf\u00f6rs\u00e4ljare f\u00f6r Opti-X AB! Som \u00e5terf\u00f6rs\u00e4ljare f\u00e5r du ett eget konto h\u00e4r p\u00e5 v\u00e5r hemsida som till\u00e5ter dig att ladda upp filer som vi optimerar&#8230;<\/p>","protected":false},"author":1,"featured_media":0,"parent":0,"menu_order":0,"comment_status":"closed","ping_status":"closed","template":"","meta":[],"yoast_head":"<!-- This site is optimized with the Yoast SEO plugin v20.8 - https:\/\/yoast.com\/wordpress\/plugins\/seo\/ -->\n<title>Motoroptimering - Adblue - DPF | Opti-X AB<\/title>\n<meta name=\"description\" content=\"Vi utf\u00f6r motoroptimering, fels\u00f6kning av elproblem i bil och tunga fordon, adblue och dpf l\u00f6sningar p\u00e5 m\u00e4rken s\u00e5 som Bmw, Mercedes, Audi, Renault, Kia, Toyota, Peugeuot, Nissan, Izuzu, Subaru, Skoda, Volvo. Samt optimering f\u00f6r bland annat s\u00e4nkt br\u00e4nslef\u00f6rbrukning. V\u00e5r verkstad finns i Haparanda men vi erbjuder \u00e4ven v\u00e5ra tj\u00e4nster p\u00e5 plats i exempelvis Arjeplog - Arvidsjaur - Boden - G\u00e4llivare - Haparanda - Jokkmokk - Kalix - Kiruna - Lule\u00e5 - Pajala - Pite\u00e5 - \u00c4lvsbyn - \u00d6verkalix - \u00d6vertorne\u00e5 - Tornedalen - Norrbotten - Norrland\" \/>\n<meta name=\"robots\" content=\"index, follow, max-snippet:-1, max-image-preview:large, max-video-preview:-1\" \/>\n<link rel=\"canonical\" href=\"https:\/\/www.opti-x.com\/en\/aterforsaljare\/\" \/>\n<meta property=\"og:locale\" content=\"en_GB\" \/>\n<meta property=\"og:type\" content=\"article\" \/>\n<meta property=\"og:title\" content=\"Motoroptimering - Adblue - DPF | Opti-X AB\" \/>\n<meta property=\"og:description\" content=\"Vi utf\u00f6r motoroptimering, fels\u00f6kning av elproblem i bil och tunga fordon, adblue och dpf l\u00f6sningar p\u00e5 m\u00e4rken s\u00e5 som Bmw, Mercedes, Audi, Renault, Kia, Toyota, Peugeuot, Nissan, Izuzu, Subaru, Skoda, Volvo. Samt optimering f\u00f6r bland annat s\u00e4nkt br\u00e4nslef\u00f6rbrukning. V\u00e5r verkstad finns i Haparanda men vi erbjuder \u00e4ven v\u00e5ra tj\u00e4nster p\u00e5 plats i exempelvis Arjeplog - Arvidsjaur - Boden - G\u00e4llivare - Haparanda - Jokkmokk - Kalix - Kiruna - Lule\u00e5 - Pajala - Pite\u00e5 - \u00c4lvsbyn - \u00d6verkalix - \u00d6vertorne\u00e5 - Tornedalen - Norrbotten - Norrland\" \/>\n<meta property=\"og:url\" content=\"https:\/\/www.opti-x.com\/en\/aterforsaljare\/\" \/>\n<meta property=\"og:site_name\" content=\"Motoroptimering - Adblue - DPF | Opti-X AB\" \/>\n<meta property=\"article:publisher\" content=\"https:\/\/www.facebook.com\/optixab\/\" \/>\n<meta property=\"article:modified_time\" content=\"2021-07-27T17:39:15+00:00\" \/>\n<meta property=\"og:image\" content=\"https:\/\/www.opti-x.com\/wp-content\/uploads\/2020\/12\/preview.png\" \/>\n\t<meta property=\"og:image:width\" content=\"530\" \/>\n\t<meta property=\"og:image:height\" content=\"281\" \/>\n\t<meta property=\"og:image:type\" content=\"image\/png\" \/>\n<meta name=\"twitter:card\" content=\"summary_large_image\" \/>\n<meta name=\"twitter:label1\" content=\"Estimated reading time\" \/>\n\t<meta name=\"twitter:data1\" content=\"1 minute\" \/>\n<script type=\"application\/ld+json\" class=\"yoast-schema-graph\">{\"@context\":\"https:\/\/schema.org\",\"@graph\":[{\"@type\":\"WebPage\",\"@id\":\"https:\/\/www.opti-x.com\/aterforsaljare\/\",\"url\":\"https:\/\/www.opti-x.com\/aterforsaljare\/\",\"name\":\"Motoroptimering - Adblue - DPF | Opti-X AB\",\"isPartOf\":{\"@id\":\"https:\/\/www.opti-x.com\/#website\"},\"datePublished\":\"2020-10-09T18:50:49+00:00\",\"dateModified\":\"2021-07-27T17:39:15+00:00\",\"description\":\"Vi utf\u00f6r motoroptimering, fels\u00f6kning av elproblem i bil och tunga fordon, adblue och dpf l\u00f6sningar p\u00e5 m\u00e4rken s\u00e5 som Bmw, Mercedes, Audi, Renault, Kia, Toyota, Peugeuot, Nissan, Izuzu, Subaru, Skoda, Volvo. Samt optimering f\u00f6r bland annat s\u00e4nkt br\u00e4nslef\u00f6rbrukning. V\u00e5r verkstad finns i Haparanda men vi erbjuder \u00e4ven v\u00e5ra tj\u00e4nster p\u00e5 plats i exempelvis Arjeplog - Arvidsjaur - Boden - G\u00e4llivare - Haparanda - Jokkmokk - Kalix - Kiruna - Lule\u00e5 - Pajala - Pite\u00e5 - \u00c4lvsbyn - \u00d6verkalix - \u00d6vertorne\u00e5 - Tornedalen - Norrbotten - Norrland\",\"breadcrumb\":{\"@id\":\"https:\/\/www.opti-x.com\/aterforsaljare\/#breadcrumb\"},\"inLanguage\":\"en-GB\",\"potentialAction\":[{\"@type\":\"ReadAction\",\"target\":[\"https:\/\/www.opti-x.com\/aterforsaljare\/\"]}]},{\"@type\":\"BreadcrumbList\",\"@id\":\"https:\/\/www.opti-x.com\/aterforsaljare\/#breadcrumb\",\"itemListElement\":[{\"@type\":\"ListItem\",\"position\":1,\"name\":\"Hem\",\"item\":\"https:\/\/www.opti-x.com\/\"},{\"@type\":\"ListItem\",\"position\":2,\"name\":\"\u00c5terf\u00f6rs\u00e4ljare\"}]},{\"@type\":\"WebSite\",\"@id\":\"https:\/\/www.opti-x.com\/#website\",\"url\":\"https:\/\/www.opti-x.com\/\",\"name\":\"Motoroptimering - Adblue - DPF | Opti-X AB\",\"description\":\"Optimering, Adblue &amp; DPF l\u00f6sningar\",\"publisher\":{\"@id\":\"https:\/\/www.opti-x.com\/#organization\"},\"potentialAction\":[{\"@type\":\"SearchAction\",\"target\":{\"@type\":\"EntryPoint\",\"urlTemplate\":\"https:\/\/www.opti-x.com\/?s={search_term_string}\"},\"query-input\":\"required name=search_term_string\"}],\"inLanguage\":\"en-GB\"},{\"@type\":\"Organization\",\"@id\":\"https:\/\/www.opti-x.com\/#organization\",\"name\":\"Motoroptimering - Adblue - DPF\",\"url\":\"https:\/\/www.opti-x.com\/\",\"logo\":{\"@type\":\"ImageObject\",\"inLanguage\":\"en-GB\",\"@id\":\"https:\/\/www.opti-x.com\/#\/schema\/logo\/image\/\",\"url\":\"https:\/\/www.opti-x.com\/wp-content\/uploads\/2020\/03\/logo-mk1-2.png\",\"contentUrl\":\"https:\/\/www.opti-x.com\/wp-content\/uploads\/2020\/03\/logo-mk1-2.png\",\"width\":130,\"height\":46,\"caption\":\"Motoroptimering - Adblue - DPF\"},\"image\":{\"@id\":\"https:\/\/www.opti-x.com\/#\/schema\/logo\/image\/\"},\"sameAs\":[\"https:\/\/www.facebook.com\/optixab\/\",\"https:\/\/www.instagram.com\/optix_ab\/\"]}]}<\/script>\n<!-- \/ Yoast SEO plugin. -->","yoast_head_json":{"title":"Motoroptimering - Adblue - DPF | Opti-X AB","description":"Vi utf\u00f6r motoroptimering, fels\u00f6kning av elproblem i bil och tunga fordon, adblue och dpf l\u00f6sningar p\u00e5 m\u00e4rken s\u00e5 som Bmw, Mercedes, Audi, Renault, Kia, Toyota, Peugeuot, Nissan, Izuzu, Subaru, Skoda, Volvo. Samt optimering f\u00f6r bland annat s\u00e4nkt br\u00e4nslef\u00f6rbrukning. V\u00e5r verkstad finns i Haparanda men vi erbjuder \u00e4ven v\u00e5ra tj\u00e4nster p\u00e5 plats i exempelvis Arjeplog - Arvidsjaur - Boden - G\u00e4llivare - Haparanda - Jokkmokk - Kalix - Kiruna - Lule\u00e5 - Pajala - Pite\u00e5 - \u00c4lvsbyn - \u00d6verkalix - \u00d6vertorne\u00e5 - Tornedalen - Norrbotten - Norrland","robots":{"index":"index","follow":"follow","max-snippet":"max-snippet:-1","max-image-preview":"max-image-preview:large","max-video-preview":"max-video-preview:-1"},"canonical":"https:\/\/www.opti-x.com\/en\/aterforsaljare\/","og_locale":"en_GB","og_type":"article","og_title":"Motoroptimering - Adblue - DPF | Opti-X AB","og_description":"Vi utf\u00f6r motoroptimering, fels\u00f6kning av elproblem i bil och tunga fordon, adblue och dpf l\u00f6sningar p\u00e5 m\u00e4rken s\u00e5 som Bmw, Mercedes, Audi, Renault, Kia, Toyota, Peugeuot, Nissan, Izuzu, Subaru, Skoda, Volvo. Samt optimering f\u00f6r bland annat s\u00e4nkt br\u00e4nslef\u00f6rbrukning. V\u00e5r verkstad finns i Haparanda men vi erbjuder \u00e4ven v\u00e5ra tj\u00e4nster p\u00e5 plats i exempelvis Arjeplog - Arvidsjaur - Boden - G\u00e4llivare - Haparanda - Jokkmokk - Kalix - Kiruna - Lule\u00e5 - Pajala - Pite\u00e5 - \u00c4lvsbyn - \u00d6verkalix - \u00d6vertorne\u00e5 - Tornedalen - Norrbotten - Norrland","og_url":"https:\/\/www.opti-x.com\/en\/aterforsaljare\/","og_site_name":"Motoroptimering - Adblue - DPF | Opti-X AB","article_publisher":"https:\/\/www.facebook.com\/optixab\/","article_modified_time":"2021-07-27T17:39:15+00:00","og_image":[{"width":530,"height":281,"url":"https:\/\/www.opti-x.com\/wp-content\/uploads\/2020\/12\/preview.png","type":"image\/png"}],"twitter_card":"summary_large_image","twitter_misc":{"Estimated reading time":"1 minute"},"schema":{"@context":"https:\/\/schema.org","@graph":[{"@type":"WebPage","@id":"https:\/\/www.opti-x.com\/aterforsaljare\/","url":"https:\/\/www.opti-x.com\/aterforsaljare\/","name":"Motoroptimering - Adblue - DPF | Opti-X AB","isPartOf":{"@id":"https:\/\/www.opti-x.com\/#website"},"datePublished":"2020-10-09T18:50:49+00:00","dateModified":"2021-07-27T17:39:15+00:00","description":"Vi utf\u00f6r motoroptimering, fels\u00f6kning av elproblem i bil och tunga fordon, adblue och dpf l\u00f6sningar p\u00e5 m\u00e4rken s\u00e5 som Bmw, Mercedes, Audi, Renault, Kia, Toyota, Peugeuot, Nissan, Izuzu, Subaru, Skoda, Volvo. Samt optimering f\u00f6r bland annat s\u00e4nkt br\u00e4nslef\u00f6rbrukning. V\u00e5r verkstad finns i Haparanda men vi erbjuder \u00e4ven v\u00e5ra tj\u00e4nster p\u00e5 plats i exempelvis Arjeplog - Arvidsjaur - Boden - G\u00e4llivare - Haparanda - Jokkmokk - Kalix - Kiruna - Lule\u00e5 - Pajala - Pite\u00e5 - \u00c4lvsbyn - \u00d6verkalix - \u00d6vertorne\u00e5 - Tornedalen - Norrbotten - Norrland","breadcrumb":{"@id":"https:\/\/www.opti-x.com\/aterforsaljare\/#breadcrumb"},"inLanguage":"en-GB","potentialAction":[{"@type":"ReadAction","target":["https:\/\/www.opti-x.com\/aterforsaljare\/"]}]},{"@type":"BreadcrumbList","@id":"https:\/\/www.opti-x.com\/aterforsaljare\/#breadcrumb","itemListElement":[{"@type":"ListItem","position":1,"name":"Hem","item":"https:\/\/www.opti-x.com\/"},{"@type":"ListItem","position":2,"name":"\u00c5terf\u00f6rs\u00e4ljare"}]},{"@type":"WebSite","@id":"https:\/\/www.opti-x.com\/#website","url":"https:\/\/www.opti-x.com\/","name":"Motoroptimering - Adblue - DPF | Opti-X AB","description":"Optimering, Adblue &amp; DPF l\u00f6sningar","publisher":{"@id":"https:\/\/www.opti-x.com\/#organization"},"potentialAction":[{"@type":"SearchAction","target":{"@type":"EntryPoint","urlTemplate":"https:\/\/www.opti-x.com\/?s={search_term_string}"},"query-input":"required name=search_term_string"}],"inLanguage":"en-GB"},{"@type":"Organization","@id":"https:\/\/www.opti-x.com\/#organization","name":"Motoroptimering - Adblue - DPF","url":"https:\/\/www.opti-x.com\/","logo":{"@type":"ImageObject","inLanguage":"en-GB","@id":"https:\/\/www.opti-x.com\/#\/schema\/logo\/image\/","url":"https:\/\/www.opti-x.com\/wp-content\/uploads\/2020\/03\/logo-mk1-2.png","contentUrl":"https:\/\/www.opti-x.com\/wp-content\/uploads\/2020\/03\/logo-mk1-2.png","width":130,"height":46,"caption":"Motoroptimering - Adblue - DPF"},"image":{"@id":"https:\/\/www.opti-x.com\/#\/schema\/logo\/image\/"},"sameAs":["https:\/\/www.facebook.com\/optixab\/","https:\/\/www.instagram.com\/optix_ab\/"]}]}},"_links":{"self":[{"href":"https:\/\/www.opti-x.com\/en\/wp-json\/wp\/v2\/pages\/4703"}],"collection":[{"href":"https:\/\/www.opti-x.com\/en\/wp-json\/wp\/v2\/pages"}],"about":[{"href":"https:\/\/www.opti-x.com\/en\/wp-json\/wp\/v2\/types\/page"}],"author":[{"embeddable":true,"href":"https:\/\/www.opti-x.com\/en\/wp-json\/wp\/v2\/users\/1"}],"replies":[{"embeddable":true,"href":"https:\/\/www.opti-x.com\/en\/wp-json\/wp\/v2\/comments?post=4703"}],"version-history":[{"count":8,"href":"https:\/\/www.opti-x.com\/en\/wp-json\/wp\/v2\/pages\/4703\/revisions"}],"predecessor-version":[{"id":5557,"href":"https:\/\/www.opti-x.com\/en\/wp-json\/wp\/v2\/pages\/4703\/revisions\/5557"}],"wp:attachment":[{"href":"https:\/\/www.opti-x.com\/en\/wp-json\/wp\/v2\/media?parent=4703"}],"curies":[{"name":"wp","href":"https:\/\/api.w.org\/{rel}","templated":true}]}}