{"id":5150,"date":"2021-02-22T20:00:01","date_gmt":"2021-02-22T19:00:01","guid":{"rendered":"https:\/\/www.opti-x.com\/?post_type=product&#038;p=5150"},"modified":"2021-07-22T13:35:57","modified_gmt":"2021-07-22T11:35:57","slug":"andra-marken-dpf-adblue-off","status":"publish","type":"product","link":"https:\/\/www.opti-x.com\/en\/shop\/adblue-dpf\/andra-marken-dpf-adblue-off\/","title":{"rendered":"DPF &amp; Adblue off - Model adapted"},"content":{"rendered":"<p>We manufacture model-adapted plug &amp; play modules for disabling DPF and AdBlue.<br \/>\nThe module is waterproof and requires no prior knowledge before installing.<\/p>\n<p>Just plug it in to your vechicle and it's ready to go!<\/p>\n<p><a href=\"https:\/\/www.opti-x.com\/en\/kontakt\/\">Contact us<\/a> with what you need. You can reach us in our workshop, by phone, email or social media.<\/p>\n<p>Here are the most common engines and models we manufacture emulators for:<\/p>\n<p><strong>Cummins engines \/ models:<\/strong><\/p>\n<ul>\n<li>QSB 4.5 (CM2350) Tier 4 Final<\/li>\n<li>QSB 6.7 (CM2350) Tier 4 Final<\/li>\n<li>QSL 9 (CM2350) Tier 4 Final<\/li>\n<li>QSX 12 (CM2350) Tier 4 Final<\/li>\n<li>QSX 15 (CM2350) Tier 4 Final<\/li>\n<\/ul>\n<p>Cummins engines are commonly used with manufacturers such as:<\/p>\n<ul>\n<li>Hyundai CE<\/li>\n<li>Hitachi CE<\/li>\n<li>Wirtgen Group<\/li>\n<li>Sennebogen<\/li>\n<\/ul>\n<p><strong>Komatsu engines \/ models:<\/strong><\/p>\n<ul>\n<li>SAA6D125E-7 (11.04L)<\/li>\n<li>SAA6D114E-6 (8.85 L)<\/li>\n<li>SAA6D107E-3 (6.69L)<\/li>\n<\/ul>\n<p><strong>Scania engines \/ models:<\/strong><\/p>\n<ul>\n<li>Scania DC09 Stage IV<\/li>\n<li>Scania DC09 Stage V<\/li>\n<li>Scania DC13 Stage IV<\/li>\n<li>Scania DC13 Stage V<\/li>\n<li>Scania DC16 Stage IV<\/li>\n<li>Scania DC16 Stage V<\/li>\n<\/ul>\n<p>Scania engines are commonly used with manufacturers such as:<\/p>\n<ul>\n<li>Doosac CE<\/li>\n<li>Powerscreen<\/li>\n<li>Hundai CE<\/li>\n<\/ul>\n<p><strong>Kubota engines \/ models:<\/strong><\/p>\n<ul>\n<li>D1803<\/li>\n<li>V2403<\/li>\n<li>V2607<\/li>\n<li>V3307<\/li>\n<li>V3800<\/li>\n<li>V6108<\/li>\n<\/ul>\n<p><strong>CAT \/ Caterpillar<\/strong> <strong> engines \/ models:<\/strong>:<\/p>\n<ul>\n<li>428F2<\/li>\n<li>432F2<\/li>\n<li>434F2<\/li>\n<li>444F2<\/li>\n<li>AP555F<\/li>\n<li>AP655F<\/li>\n<li>AP500F<\/li>\n<li>AP600F<\/li>\n<li>M314F<\/li>\n<li>M315F<\/li>\n<li>M316F<\/li>\n<li>M317F<\/li>\n<li>M318F<\/li>\n<li>M320F<\/li>\n<li>M322F<\/li>\n<li>236D<\/li>\n<li>242D<\/li>\n<li>246D<\/li>\n<li>262D<\/li>\n<li>257D C3.3B DIT<\/li>\n<li>259D C3.3B DIT<\/li>\n<li>279D C3.3B DIT<\/li>\n<li>289D C3.3B DIT<\/li>\n<li>308 CR<\/li>\n<li>308 CR VAB<\/li>\n<li>308E2 CR<\/li>\n<li>309 CR<\/li>\n<li>309 CR VAB<\/li>\n<li>310<\/li>\n<li>316F L<\/li>\n<li>318F L<\/li>\n<li>320<\/li>\n<li>320 GC<\/li>\n<li>323<\/li>\n<li>325F L<\/li>\n<li>326<\/li>\n<li>330<\/li>\n<li>906M<\/li>\n<li>906M AG<\/li>\n<li>907M<\/li>\n<li>907M AG<\/li>\n<li>908M<\/li>\n<li>908M AG<\/li>\n<li>910M<\/li>\n<li>914M<\/li>\n<li>918M<\/li>\n<li>926M<\/li>\n<li>930M<\/li>\n<li>938M<\/li>\n<li>950M<\/li>\n<li>962M<\/li>\n<li>TH357D<\/li>\n<li>TH3510D<\/li>\n<li>TH408D<\/li>\n<li>D3K2<\/li>\n<li>D4K2<\/li>\n<li>D5<\/li>\n<li>D5K2<\/li>\n<li>CW34<\/li>\n<li>CB10<\/li>\n<li>CB54<\/li>\n<li>CB54 XW<\/li>\n<li>CB64<\/li>\n<li>CS44<\/li>\n<li>CP44<\/li>\n<li>CS54<\/li>\n<li>CP54<\/li>\n<li>CS64<\/li>\n<li>CS66<\/li>\n<li>CS68<\/li>\n<li>CP68<\/li>\n<li>PL61<\/li>\n<li>CAT C4.4 Acert T4F<\/li>\n<li>CAT C7.1 Acert Tier 4F<\/li>\n<\/ul>\n<p>We also manufacture emulators for:<\/p>\n<ul>\n<li>Liebherr<\/li>\n<li>Perkins<\/li>\n<li>Volvo Penta<\/li>\n<li>FPT Engines<\/li>\n<li>Zetor<\/li>\n<li>New Holland<\/li>\n<li>CASE IH<\/li>\n<li>Claas<\/li>\n<li>Volvo<\/li>\n<li>Renault<\/li>\n<li>Man<\/li>\n<li>Mercedes<\/li>\n<li>Iveco<\/li>\n<li>Daf<\/li>\n<li>Volvo USA<\/li>\n<li>Mack<\/li>\n<\/ul>\n<p>Can't find your model?<br \/>\nNothing to worry about, <a href=\"https:\/\/www.opti-x.com\/en\/kontakt\/\">contact us<\/a> by phone, email or social media and we'll sort it out.<\/p>","protected":false},"excerpt":{"rendered":"<p>We code our emulators for almost all models on the market.<\/p>\n<p>The module is waterproof &amp; requires no prior knowledge,<br \/>\njust plug it in your vechicle and it's ready to go!<\/p>\n<p>It even works on a broken SCR-system.<\/p>\n<p>Contact us with what you need. Adblue-off \/ DPF-off or both!<br \/>\nYou can reach us in our workshop, phone, mail or social media.<\/p>","protected":false},"featured_media":5151,"template":"","meta":[],"product_brand":[],"product_cat":[477],"product_tag":[],"class_list":{"0":"post-5150","1":"product","2":"type-product","3":"status-publish","4":"has-post-thumbnail","6":"product_cat-adblue-dpf","7":"product_shipping_class-max-25x20x10cm-1kg","8":"product_parts-adblue-dpf-off","9":"product_parts-dpf-off-2","10":"product_parts-emulator","11":"tm-no-options","13":"first","14":"instock","15":"taxable","16":"shipping-taxable","17":"product-type-simple"},"yoast_head":"<!-- This site is optimized with the Yoast SEO plugin v27.4 - https:\/\/yoast.com\/product\/yoast-seo-wordpress\/ -->\n<title>DPF &amp; Adblue off - Modellanpassad - Motoroptimering - Adblue - DPF | Opti-X AB<\/title>\n<meta name=\"description\" content=\"Vi utf\u00f6r motoroptimering, fels\u00f6kning av elproblem i bil och tunga fordon, adblue och dpf l\u00f6sningar p\u00e5 m\u00e4rken s\u00e5 som Bmw, Mercedes, Audi, Renault, Kia, Toyota, Peugeuot, Nissan, Izuzu, Subaru, Skoda, Volvo. Samt optimering f\u00f6r bland annat s\u00e4nkt br\u00e4nslef\u00f6rbrukning. V\u00e5r verkstad finns i Haparanda men vi erbjuder \u00e4ven v\u00e5ra tj\u00e4nster p\u00e5 plats i exempelvis Arjeplog - Arvidsjaur - Boden - G\u00e4llivare - Haparanda - Jokkmokk - Kalix - Kiruna - Lule\u00e5 - Pajala - Pite\u00e5 - \u00c4lvsbyn - \u00d6verkalix - \u00d6vertorne\u00e5 - Tornedalen - Norrbotten - Norrland\" \/>\n<meta name=\"robots\" content=\"noindex, follow\" \/>\n<meta property=\"og:locale\" content=\"en_GB\" \/>\n<meta property=\"og:type\" content=\"article\" \/>\n<meta property=\"og:title\" content=\"DPF &amp; Adblue off - Modellanpassad - Motoroptimering - Adblue - DPF | Opti-X AB\" \/>\n<meta property=\"og:description\" content=\"Vi utf\u00f6r motoroptimering, fels\u00f6kning av elproblem i bil och tunga fordon, adblue och dpf l\u00f6sningar p\u00e5 m\u00e4rken s\u00e5 som Bmw, Mercedes, Audi, Renault, Kia, Toyota, Peugeuot, Nissan, Izuzu, Subaru, Skoda, Volvo. Samt optimering f\u00f6r bland annat s\u00e4nkt br\u00e4nslef\u00f6rbrukning. V\u00e5r verkstad finns i Haparanda men vi erbjuder \u00e4ven v\u00e5ra tj\u00e4nster p\u00e5 plats i exempelvis Arjeplog - Arvidsjaur - Boden - G\u00e4llivare - Haparanda - Jokkmokk - Kalix - Kiruna - Lule\u00e5 - Pajala - Pite\u00e5 - \u00c4lvsbyn - \u00d6verkalix - \u00d6vertorne\u00e5 - Tornedalen - Norrbotten - Norrland\" \/>\n<meta property=\"og:url\" content=\"https:\/\/www.opti-x.com\/en\/shop\/adblue-dpf\/andra-marken-dpf-adblue-off\/\" \/>\n<meta property=\"og:site_name\" content=\"Motoroptimering - Adblue - DPF | Opti-X AB\" \/>\n<meta property=\"article:publisher\" content=\"https:\/\/www.facebook.com\/optixab\/\" \/>\n<meta property=\"article:modified_time\" content=\"2021-07-22T11:35:57+00:00\" \/>\n<meta property=\"og:image\" content=\"https:\/\/www.opti-x.com\/wp-content\/uploads\/2021\/02\/open-box.png\" \/>\n\t<meta property=\"og:image:width\" content=\"1000\" \/>\n\t<meta property=\"og:image:height\" content=\"1000\" \/>\n\t<meta property=\"og:image:type\" content=\"image\/png\" \/>\n<meta name=\"twitter:card\" content=\"summary_large_image\" \/>\n<meta name=\"twitter:label1\" content=\"Estimated reading time\" \/>\n\t<meta name=\"twitter:data1\" content=\"2 minutes\" \/>\n<script type=\"application\/ld+json\" class=\"yoast-schema-graph\">{\"@context\":\"https:\\\/\\\/schema.org\",\"@graph\":[{\"@type\":\"WebPage\",\"@id\":\"https:\\\/\\\/www.opti-x.com\\\/shop\\\/adblue-dpf\\\/andra-marken-dpf-adblue-off\\\/\",\"url\":\"https:\\\/\\\/www.opti-x.com\\\/shop\\\/adblue-dpf\\\/andra-marken-dpf-adblue-off\\\/\",\"name\":\"DPF & Adblue off - Modellanpassad - Motoroptimering - Adblue - DPF | Opti-X AB\",\"isPartOf\":{\"@id\":\"https:\\\/\\\/www.opti-x.com\\\/#website\"},\"primaryImageOfPage\":{\"@id\":\"https:\\\/\\\/www.opti-x.com\\\/shop\\\/adblue-dpf\\\/andra-marken-dpf-adblue-off\\\/#primaryimage\"},\"image\":{\"@id\":\"https:\\\/\\\/www.opti-x.com\\\/shop\\\/adblue-dpf\\\/andra-marken-dpf-adblue-off\\\/#primaryimage\"},\"thumbnailUrl\":\"https:\\\/\\\/www.opti-x.com\\\/wp-content\\\/uploads\\\/2021\\\/02\\\/open-box.png\",\"datePublished\":\"2021-02-22T19:00:01+00:00\",\"dateModified\":\"2021-07-22T11:35:57+00:00\",\"description\":\"Vi utf\u00f6r motoroptimering, fels\u00f6kning av elproblem i bil och tunga fordon, adblue och dpf l\u00f6sningar p\u00e5 m\u00e4rken s\u00e5 som Bmw, Mercedes, Audi, Renault, Kia, Toyota, Peugeuot, Nissan, Izuzu, Subaru, Skoda, Volvo. Samt optimering f\u00f6r bland annat s\u00e4nkt br\u00e4nslef\u00f6rbrukning. V\u00e5r verkstad finns i Haparanda men vi erbjuder \u00e4ven v\u00e5ra tj\u00e4nster p\u00e5 plats i exempelvis Arjeplog - Arvidsjaur - Boden - G\u00e4llivare - Haparanda - Jokkmokk - Kalix - Kiruna - Lule\u00e5 - Pajala - Pite\u00e5 - \u00c4lvsbyn - \u00d6verkalix - \u00d6vertorne\u00e5 - Tornedalen - Norrbotten - Norrland\",\"breadcrumb\":{\"@id\":\"https:\\\/\\\/www.opti-x.com\\\/shop\\\/adblue-dpf\\\/andra-marken-dpf-adblue-off\\\/#breadcrumb\"},\"inLanguage\":\"en-GB\",\"potentialAction\":[{\"@type\":\"ReadAction\",\"target\":[\"https:\\\/\\\/www.opti-x.com\\\/shop\\\/adblue-dpf\\\/andra-marken-dpf-adblue-off\\\/\"]}]},{\"@type\":\"ImageObject\",\"inLanguage\":\"en-GB\",\"@id\":\"https:\\\/\\\/www.opti-x.com\\\/shop\\\/adblue-dpf\\\/andra-marken-dpf-adblue-off\\\/#primaryimage\",\"url\":\"https:\\\/\\\/www.opti-x.com\\\/wp-content\\\/uploads\\\/2021\\\/02\\\/open-box.png\",\"contentUrl\":\"https:\\\/\\\/www.opti-x.com\\\/wp-content\\\/uploads\\\/2021\\\/02\\\/open-box.png\",\"width\":1000,\"height\":1000},{\"@type\":\"BreadcrumbList\",\"@id\":\"https:\\\/\\\/www.opti-x.com\\\/shop\\\/adblue-dpf\\\/andra-marken-dpf-adblue-off\\\/#breadcrumb\",\"itemListElement\":[{\"@type\":\"ListItem\",\"position\":1,\"name\":\"Hem\",\"item\":\"https:\\\/\\\/www.opti-x.com\\\/\"},{\"@type\":\"ListItem\",\"position\":2,\"name\":\"Produkter\",\"item\":\"https:\\\/\\\/www.opti-x.com\\\/produkter\\\/\"},{\"@type\":\"ListItem\",\"position\":3,\"name\":\"DPF &#038; Adblue off &#8211; Modellanpassad\"}]},{\"@type\":\"WebSite\",\"@id\":\"https:\\\/\\\/www.opti-x.com\\\/#website\",\"url\":\"https:\\\/\\\/www.opti-x.com\\\/\",\"name\":\"Motoroptimering - Adblue - DPF | Opti-X AB\",\"description\":\"Optimering, Adblue &amp; DPF l\u00f6sningar\",\"publisher\":{\"@id\":\"https:\\\/\\\/www.opti-x.com\\\/#organization\"},\"potentialAction\":[{\"@type\":\"SearchAction\",\"target\":{\"@type\":\"EntryPoint\",\"urlTemplate\":\"https:\\\/\\\/www.opti-x.com\\\/?s={search_term_string}\"},\"query-input\":{\"@type\":\"PropertyValueSpecification\",\"valueRequired\":true,\"valueName\":\"search_term_string\"}}],\"inLanguage\":\"en-GB\"},{\"@type\":\"Organization\",\"@id\":\"https:\\\/\\\/www.opti-x.com\\\/#organization\",\"name\":\"Motoroptimering - Adblue - DPF\",\"url\":\"https:\\\/\\\/www.opti-x.com\\\/\",\"logo\":{\"@type\":\"ImageObject\",\"inLanguage\":\"en-GB\",\"@id\":\"https:\\\/\\\/www.opti-x.com\\\/#\\\/schema\\\/logo\\\/image\\\/\",\"url\":\"https:\\\/\\\/www.opti-x.com\\\/wp-content\\\/uploads\\\/2020\\\/03\\\/logo-mk1-2.png\",\"contentUrl\":\"https:\\\/\\\/www.opti-x.com\\\/wp-content\\\/uploads\\\/2020\\\/03\\\/logo-mk1-2.png\",\"width\":130,\"height\":46,\"caption\":\"Motoroptimering - Adblue - DPF\"},\"image\":{\"@id\":\"https:\\\/\\\/www.opti-x.com\\\/#\\\/schema\\\/logo\\\/image\\\/\"},\"sameAs\":[\"https:\\\/\\\/www.facebook.com\\\/optixab\\\/\",\"https:\\\/\\\/www.instagram.com\\\/optix_ab\\\/\"]}]}<\/script>\n<!-- \/ Yoast SEO plugin. -->","yoast_head_json":{"title":"DPF & Adblue off - Modellanpassad - Motoroptimering - Adblue - DPF | Opti-X AB","description":"Vi utf\u00f6r motoroptimering, fels\u00f6kning av elproblem i bil och tunga fordon, adblue och dpf l\u00f6sningar p\u00e5 m\u00e4rken s\u00e5 som Bmw, Mercedes, Audi, Renault, Kia, Toyota, Peugeuot, Nissan, Izuzu, Subaru, Skoda, Volvo. Samt optimering f\u00f6r bland annat s\u00e4nkt br\u00e4nslef\u00f6rbrukning. V\u00e5r verkstad finns i Haparanda men vi erbjuder \u00e4ven v\u00e5ra tj\u00e4nster p\u00e5 plats i exempelvis Arjeplog - Arvidsjaur - Boden - G\u00e4llivare - Haparanda - Jokkmokk - Kalix - Kiruna - Lule\u00e5 - Pajala - Pite\u00e5 - \u00c4lvsbyn - \u00d6verkalix - \u00d6vertorne\u00e5 - Tornedalen - Norrbotten - Norrland","robots":{"index":"noindex","follow":"follow"},"og_locale":"en_GB","og_type":"article","og_title":"DPF & Adblue off - Modellanpassad - Motoroptimering - Adblue - DPF | Opti-X AB","og_description":"Vi utf\u00f6r motoroptimering, fels\u00f6kning av elproblem i bil och tunga fordon, adblue och dpf l\u00f6sningar p\u00e5 m\u00e4rken s\u00e5 som Bmw, Mercedes, Audi, Renault, Kia, Toyota, Peugeuot, Nissan, Izuzu, Subaru, Skoda, Volvo. Samt optimering f\u00f6r bland annat s\u00e4nkt br\u00e4nslef\u00f6rbrukning. V\u00e5r verkstad finns i Haparanda men vi erbjuder \u00e4ven v\u00e5ra tj\u00e4nster p\u00e5 plats i exempelvis Arjeplog - Arvidsjaur - Boden - G\u00e4llivare - Haparanda - Jokkmokk - Kalix - Kiruna - Lule\u00e5 - Pajala - Pite\u00e5 - \u00c4lvsbyn - \u00d6verkalix - \u00d6vertorne\u00e5 - Tornedalen - Norrbotten - Norrland","og_url":"https:\/\/www.opti-x.com\/en\/shop\/adblue-dpf\/andra-marken-dpf-adblue-off\/","og_site_name":"Motoroptimering - Adblue - DPF | Opti-X AB","article_publisher":"https:\/\/www.facebook.com\/optixab\/","article_modified_time":"2021-07-22T11:35:57+00:00","og_image":[{"width":1000,"height":1000,"url":"https:\/\/www.opti-x.com\/wp-content\/uploads\/2021\/02\/open-box.png","type":"image\/png"}],"twitter_card":"summary_large_image","twitter_misc":{"Estimated reading time":"2 minutes"},"schema":{"@context":"https:\/\/schema.org","@graph":[{"@type":"WebPage","@id":"https:\/\/www.opti-x.com\/shop\/adblue-dpf\/andra-marken-dpf-adblue-off\/","url":"https:\/\/www.opti-x.com\/shop\/adblue-dpf\/andra-marken-dpf-adblue-off\/","name":"DPF & Adblue off - Modellanpassad - Motoroptimering - Adblue - DPF | Opti-X AB","isPartOf":{"@id":"https:\/\/www.opti-x.com\/#website"},"primaryImageOfPage":{"@id":"https:\/\/www.opti-x.com\/shop\/adblue-dpf\/andra-marken-dpf-adblue-off\/#primaryimage"},"image":{"@id":"https:\/\/www.opti-x.com\/shop\/adblue-dpf\/andra-marken-dpf-adblue-off\/#primaryimage"},"thumbnailUrl":"https:\/\/www.opti-x.com\/wp-content\/uploads\/2021\/02\/open-box.png","datePublished":"2021-02-22T19:00:01+00:00","dateModified":"2021-07-22T11:35:57+00:00","description":"Vi utf\u00f6r motoroptimering, fels\u00f6kning av elproblem i bil och tunga fordon, adblue och dpf l\u00f6sningar p\u00e5 m\u00e4rken s\u00e5 som Bmw, Mercedes, Audi, Renault, Kia, Toyota, Peugeuot, Nissan, Izuzu, Subaru, Skoda, Volvo. Samt optimering f\u00f6r bland annat s\u00e4nkt br\u00e4nslef\u00f6rbrukning. V\u00e5r verkstad finns i Haparanda men vi erbjuder \u00e4ven v\u00e5ra tj\u00e4nster p\u00e5 plats i exempelvis Arjeplog - Arvidsjaur - Boden - G\u00e4llivare - Haparanda - Jokkmokk - Kalix - Kiruna - Lule\u00e5 - Pajala - Pite\u00e5 - \u00c4lvsbyn - \u00d6verkalix - \u00d6vertorne\u00e5 - Tornedalen - Norrbotten - Norrland","breadcrumb":{"@id":"https:\/\/www.opti-x.com\/shop\/adblue-dpf\/andra-marken-dpf-adblue-off\/#breadcrumb"},"inLanguage":"en-GB","potentialAction":[{"@type":"ReadAction","target":["https:\/\/www.opti-x.com\/shop\/adblue-dpf\/andra-marken-dpf-adblue-off\/"]}]},{"@type":"ImageObject","inLanguage":"en-GB","@id":"https:\/\/www.opti-x.com\/shop\/adblue-dpf\/andra-marken-dpf-adblue-off\/#primaryimage","url":"https:\/\/www.opti-x.com\/wp-content\/uploads\/2021\/02\/open-box.png","contentUrl":"https:\/\/www.opti-x.com\/wp-content\/uploads\/2021\/02\/open-box.png","width":1000,"height":1000},{"@type":"BreadcrumbList","@id":"https:\/\/www.opti-x.com\/shop\/adblue-dpf\/andra-marken-dpf-adblue-off\/#breadcrumb","itemListElement":[{"@type":"ListItem","position":1,"name":"Hem","item":"https:\/\/www.opti-x.com\/"},{"@type":"ListItem","position":2,"name":"Produkter","item":"https:\/\/www.opti-x.com\/produkter\/"},{"@type":"ListItem","position":3,"name":"DPF &#038; Adblue off &#8211; Modellanpassad"}]},{"@type":"WebSite","@id":"https:\/\/www.opti-x.com\/#website","url":"https:\/\/www.opti-x.com\/","name":"Motoroptimering - Adblue - DPF | Opti-X AB","description":"Optimering, Adblue &amp; DPF l\u00f6sningar","publisher":{"@id":"https:\/\/www.opti-x.com\/#organization"},"potentialAction":[{"@type":"SearchAction","target":{"@type":"EntryPoint","urlTemplate":"https:\/\/www.opti-x.com\/?s={search_term_string}"},"query-input":{"@type":"PropertyValueSpecification","valueRequired":true,"valueName":"search_term_string"}}],"inLanguage":"en-GB"},{"@type":"Organization","@id":"https:\/\/www.opti-x.com\/#organization","name":"Motoroptimering - Adblue - DPF","url":"https:\/\/www.opti-x.com\/","logo":{"@type":"ImageObject","inLanguage":"en-GB","@id":"https:\/\/www.opti-x.com\/#\/schema\/logo\/image\/","url":"https:\/\/www.opti-x.com\/wp-content\/uploads\/2020\/03\/logo-mk1-2.png","contentUrl":"https:\/\/www.opti-x.com\/wp-content\/uploads\/2020\/03\/logo-mk1-2.png","width":130,"height":46,"caption":"Motoroptimering - Adblue - DPF"},"image":{"@id":"https:\/\/www.opti-x.com\/#\/schema\/logo\/image\/"},"sameAs":["https:\/\/www.facebook.com\/optixab\/","https:\/\/www.instagram.com\/optix_ab\/"]}]}},"_links":{"self":[{"href":"https:\/\/www.opti-x.com\/en\/wp-json\/wp\/v2\/product\/5150","targetHints":{"allow":["GET"]}}],"collection":[{"href":"https:\/\/www.opti-x.com\/en\/wp-json\/wp\/v2\/product"}],"about":[{"href":"https:\/\/www.opti-x.com\/en\/wp-json\/wp\/v2\/types\/product"}],"version-history":[{"count":8,"href":"https:\/\/www.opti-x.com\/en\/wp-json\/wp\/v2\/product\/5150\/revisions"}],"predecessor-version":[{"id":5213,"href":"https:\/\/www.opti-x.com\/en\/wp-json\/wp\/v2\/product\/5150\/revisions\/5213"}],"wp:featuredmedia":[{"embeddable":true,"href":"https:\/\/www.opti-x.com\/en\/wp-json\/wp\/v2\/media\/5151"}],"wp:attachment":[{"href":"https:\/\/www.opti-x.com\/en\/wp-json\/wp\/v2\/media?parent=5150"}],"wp:term":[{"taxonomy":"product_brand","embeddable":true,"href":"https:\/\/www.opti-x.com\/en\/wp-json\/wp\/v2\/product_brand?post=5150"},{"taxonomy":"product_cat","embeddable":true,"href":"https:\/\/www.opti-x.com\/en\/wp-json\/wp\/v2\/product_cat?post=5150"},{"taxonomy":"product_tag","embeddable":true,"href":"https:\/\/www.opti-x.com\/en\/wp-json\/wp\/v2\/product_tag?post=5150"}],"curies":[{"name":"wp","href":"https:\/\/api.w.org\/{rel}","templated":true}]}}