{"id":5199,"date":"2021-04-08T13:54:16","date_gmt":"2021-04-08T11:54:16","guid":{"rendered":"https:\/\/www.opti-x.com\/?post_type=product&#038;p=5199"},"modified":"2024-09-28T21:48:36","modified_gmt":"2024-09-28T19:48:36","slug":"modellanpassad-ersattningsror","status":"publish","type":"product","link":"https:\/\/www.opti-x.com\/en\/shop\/dpf\/modellanpassad-ersattningsror\/","title":{"rendered":"Replacement pipe - Volvo"},"content":{"rendered":"<p>When disabling DPF your pipe will soot a lot quicker.<br \/>\nWe manufacture model-adapted replacement pipes for Volvo machines that takes care of that issue.<\/p>\n<p>We give a 15% discount when buying a replacement pipe together with a DPF module.<br \/>\nThis discount will show automatically in the checkout.<\/p>","protected":false},"excerpt":{"rendered":"<p>We give a 15% discount when buying a replacement pipe together with a DPF module.<\/p>","protected":false},"featured_media":5200,"template":"","meta":[],"product_brand":[],"product_cat":[446],"product_tag":[],"class_list":{"0":"post-5199","1":"product","2":"type-product","3":"status-publish","4":"has-post-thumbnail","6":"product_cat-dpf","7":"product_shipping_class-175x175x175cm-35kg","8":"product_badges-paketpris","9":"tm-no-options","11":"first","12":"instock","13":"taxable","14":"shipping-taxable","15":"purchasable","16":"product-type-simple"},"yoast_head":"<!-- This site is optimized with the Yoast SEO plugin v27.4 - https:\/\/yoast.com\/product\/yoast-seo-wordpress\/ -->\n<title>Ers\u00e4ttningsr\u00f6r - Volvo - Motoroptimering - Adblue - DPF | Opti-X AB<\/title>\n<meta name=\"description\" content=\"Vi utf\u00f6r motoroptimering, fels\u00f6kning av elproblem i bil och tunga fordon, adblue och dpf l\u00f6sningar p\u00e5 m\u00e4rken s\u00e5 som Bmw, Mercedes, Audi, Renault, Kia, Toyota, Peugeuot, Nissan, Izuzu, Subaru, Skoda, Volvo. Samt optimering f\u00f6r bland annat s\u00e4nkt br\u00e4nslef\u00f6rbrukning. V\u00e5r verkstad finns i Haparanda men vi erbjuder \u00e4ven v\u00e5ra tj\u00e4nster p\u00e5 plats i exempelvis Arjeplog - Arvidsjaur - Boden - G\u00e4llivare - Haparanda - Jokkmokk - Kalix - Kiruna - Lule\u00e5 - Pajala - Pite\u00e5 - \u00c4lvsbyn - \u00d6verkalix - \u00d6vertorne\u00e5 - Tornedalen - Norrbotten - Norrland\" \/>\n<meta name=\"robots\" content=\"noindex, follow\" \/>\n<meta property=\"og:locale\" content=\"en_GB\" \/>\n<meta property=\"og:type\" content=\"article\" \/>\n<meta property=\"og:title\" content=\"Ers\u00e4ttningsr\u00f6r - Volvo - Motoroptimering - Adblue - DPF | Opti-X AB\" \/>\n<meta property=\"og:description\" content=\"Vi utf\u00f6r motoroptimering, fels\u00f6kning av elproblem i bil och tunga fordon, adblue och dpf l\u00f6sningar p\u00e5 m\u00e4rken s\u00e5 som Bmw, Mercedes, Audi, Renault, Kia, Toyota, Peugeuot, Nissan, Izuzu, Subaru, Skoda, Volvo. Samt optimering f\u00f6r bland annat s\u00e4nkt br\u00e4nslef\u00f6rbrukning. V\u00e5r verkstad finns i Haparanda men vi erbjuder \u00e4ven v\u00e5ra tj\u00e4nster p\u00e5 plats i exempelvis Arjeplog - Arvidsjaur - Boden - G\u00e4llivare - Haparanda - Jokkmokk - Kalix - Kiruna - Lule\u00e5 - Pajala - Pite\u00e5 - \u00c4lvsbyn - \u00d6verkalix - \u00d6vertorne\u00e5 - Tornedalen - Norrbotten - Norrland\" \/>\n<meta property=\"og:url\" content=\"https:\/\/www.opti-x.com\/en\/shop\/dpf\/modellanpassad-ersattningsror\/\" \/>\n<meta property=\"og:site_name\" content=\"Motoroptimering - Adblue - DPF | Opti-X AB\" \/>\n<meta property=\"article:publisher\" content=\"https:\/\/www.facebook.com\/optixab\/\" \/>\n<meta property=\"article:modified_time\" content=\"2024-09-28T19:48:36+00:00\" \/>\n<meta property=\"og:image\" content=\"https:\/\/www.opti-x.com\/wp-content\/uploads\/2021\/04\/ror1.png\" \/>\n\t<meta property=\"og:image:width\" content=\"1000\" \/>\n\t<meta property=\"og:image:height\" content=\"1000\" \/>\n\t<meta property=\"og:image:type\" content=\"image\/png\" \/>\n<meta name=\"twitter:card\" content=\"summary_large_image\" \/>\n<script type=\"application\/ld+json\" class=\"yoast-schema-graph\">{\"@context\":\"https:\\\/\\\/schema.org\",\"@graph\":[{\"@type\":\"WebPage\",\"@id\":\"https:\\\/\\\/www.opti-x.com\\\/shop\\\/dpf\\\/modellanpassad-ersattningsror\\\/\",\"url\":\"https:\\\/\\\/www.opti-x.com\\\/shop\\\/dpf\\\/modellanpassad-ersattningsror\\\/\",\"name\":\"Ers\u00e4ttningsr\u00f6r - Volvo - Motoroptimering - Adblue - DPF | Opti-X AB\",\"isPartOf\":{\"@id\":\"https:\\\/\\\/www.opti-x.com\\\/#website\"},\"primaryImageOfPage\":{\"@id\":\"https:\\\/\\\/www.opti-x.com\\\/shop\\\/dpf\\\/modellanpassad-ersattningsror\\\/#primaryimage\"},\"image\":{\"@id\":\"https:\\\/\\\/www.opti-x.com\\\/shop\\\/dpf\\\/modellanpassad-ersattningsror\\\/#primaryimage\"},\"thumbnailUrl\":\"https:\\\/\\\/www.opti-x.com\\\/wp-content\\\/uploads\\\/2021\\\/04\\\/ror1.png\",\"datePublished\":\"2021-04-08T11:54:16+00:00\",\"dateModified\":\"2024-09-28T19:48:36+00:00\",\"description\":\"Vi utf\u00f6r motoroptimering, fels\u00f6kning av elproblem i bil och tunga fordon, adblue och dpf l\u00f6sningar p\u00e5 m\u00e4rken s\u00e5 som Bmw, Mercedes, Audi, Renault, Kia, Toyota, Peugeuot, Nissan, Izuzu, Subaru, Skoda, Volvo. Samt optimering f\u00f6r bland annat s\u00e4nkt br\u00e4nslef\u00f6rbrukning. V\u00e5r verkstad finns i Haparanda men vi erbjuder \u00e4ven v\u00e5ra tj\u00e4nster p\u00e5 plats i exempelvis Arjeplog - Arvidsjaur - Boden - G\u00e4llivare - Haparanda - Jokkmokk - Kalix - Kiruna - Lule\u00e5 - Pajala - Pite\u00e5 - \u00c4lvsbyn - \u00d6verkalix - \u00d6vertorne\u00e5 - Tornedalen - Norrbotten - Norrland\",\"breadcrumb\":{\"@id\":\"https:\\\/\\\/www.opti-x.com\\\/shop\\\/dpf\\\/modellanpassad-ersattningsror\\\/#breadcrumb\"},\"inLanguage\":\"en-GB\",\"potentialAction\":[{\"@type\":\"ReadAction\",\"target\":[\"https:\\\/\\\/www.opti-x.com\\\/shop\\\/dpf\\\/modellanpassad-ersattningsror\\\/\"]}]},{\"@type\":\"ImageObject\",\"inLanguage\":\"en-GB\",\"@id\":\"https:\\\/\\\/www.opti-x.com\\\/shop\\\/dpf\\\/modellanpassad-ersattningsror\\\/#primaryimage\",\"url\":\"https:\\\/\\\/www.opti-x.com\\\/wp-content\\\/uploads\\\/2021\\\/04\\\/ror1.png\",\"contentUrl\":\"https:\\\/\\\/www.opti-x.com\\\/wp-content\\\/uploads\\\/2021\\\/04\\\/ror1.png\",\"width\":1000,\"height\":1000},{\"@type\":\"BreadcrumbList\",\"@id\":\"https:\\\/\\\/www.opti-x.com\\\/shop\\\/dpf\\\/modellanpassad-ersattningsror\\\/#breadcrumb\",\"itemListElement\":[{\"@type\":\"ListItem\",\"position\":1,\"name\":\"Hem\",\"item\":\"https:\\\/\\\/www.opti-x.com\\\/\"},{\"@type\":\"ListItem\",\"position\":2,\"name\":\"Produkter\",\"item\":\"https:\\\/\\\/www.opti-x.com\\\/produkter\\\/\"},{\"@type\":\"ListItem\",\"position\":3,\"name\":\"Ers\u00e4ttningsr\u00f6r &#8211; Volvo\"}]},{\"@type\":\"WebSite\",\"@id\":\"https:\\\/\\\/www.opti-x.com\\\/#website\",\"url\":\"https:\\\/\\\/www.opti-x.com\\\/\",\"name\":\"Motoroptimering - Adblue - DPF | Opti-X AB\",\"description\":\"Optimering, Adblue &amp; DPF l\u00f6sningar\",\"publisher\":{\"@id\":\"https:\\\/\\\/www.opti-x.com\\\/#organization\"},\"potentialAction\":[{\"@type\":\"SearchAction\",\"target\":{\"@type\":\"EntryPoint\",\"urlTemplate\":\"https:\\\/\\\/www.opti-x.com\\\/?s={search_term_string}\"},\"query-input\":{\"@type\":\"PropertyValueSpecification\",\"valueRequired\":true,\"valueName\":\"search_term_string\"}}],\"inLanguage\":\"en-GB\"},{\"@type\":\"Organization\",\"@id\":\"https:\\\/\\\/www.opti-x.com\\\/#organization\",\"name\":\"Motoroptimering - Adblue - DPF\",\"url\":\"https:\\\/\\\/www.opti-x.com\\\/\",\"logo\":{\"@type\":\"ImageObject\",\"inLanguage\":\"en-GB\",\"@id\":\"https:\\\/\\\/www.opti-x.com\\\/#\\\/schema\\\/logo\\\/image\\\/\",\"url\":\"https:\\\/\\\/www.opti-x.com\\\/wp-content\\\/uploads\\\/2020\\\/03\\\/logo-mk1-2.png\",\"contentUrl\":\"https:\\\/\\\/www.opti-x.com\\\/wp-content\\\/uploads\\\/2020\\\/03\\\/logo-mk1-2.png\",\"width\":130,\"height\":46,\"caption\":\"Motoroptimering - Adblue - DPF\"},\"image\":{\"@id\":\"https:\\\/\\\/www.opti-x.com\\\/#\\\/schema\\\/logo\\\/image\\\/\"},\"sameAs\":[\"https:\\\/\\\/www.facebook.com\\\/optixab\\\/\",\"https:\\\/\\\/www.instagram.com\\\/optix_ab\\\/\"]}]}<\/script>\n<!-- \/ Yoast SEO plugin. -->","yoast_head_json":{"title":"Ers\u00e4ttningsr\u00f6r - Volvo - Motoroptimering - Adblue - DPF | Opti-X AB","description":"Vi utf\u00f6r motoroptimering, fels\u00f6kning av elproblem i bil och tunga fordon, adblue och dpf l\u00f6sningar p\u00e5 m\u00e4rken s\u00e5 som Bmw, Mercedes, Audi, Renault, Kia, Toyota, Peugeuot, Nissan, Izuzu, Subaru, Skoda, Volvo. Samt optimering f\u00f6r bland annat s\u00e4nkt br\u00e4nslef\u00f6rbrukning. V\u00e5r verkstad finns i Haparanda men vi erbjuder \u00e4ven v\u00e5ra tj\u00e4nster p\u00e5 plats i exempelvis Arjeplog - Arvidsjaur - Boden - G\u00e4llivare - Haparanda - Jokkmokk - Kalix - Kiruna - Lule\u00e5 - Pajala - Pite\u00e5 - \u00c4lvsbyn - \u00d6verkalix - \u00d6vertorne\u00e5 - Tornedalen - Norrbotten - Norrland","robots":{"index":"noindex","follow":"follow"},"og_locale":"en_GB","og_type":"article","og_title":"Ers\u00e4ttningsr\u00f6r - Volvo - Motoroptimering - Adblue - DPF | Opti-X AB","og_description":"Vi utf\u00f6r motoroptimering, fels\u00f6kning av elproblem i bil och tunga fordon, adblue och dpf l\u00f6sningar p\u00e5 m\u00e4rken s\u00e5 som Bmw, Mercedes, Audi, Renault, Kia, Toyota, Peugeuot, Nissan, Izuzu, Subaru, Skoda, Volvo. Samt optimering f\u00f6r bland annat s\u00e4nkt br\u00e4nslef\u00f6rbrukning. V\u00e5r verkstad finns i Haparanda men vi erbjuder \u00e4ven v\u00e5ra tj\u00e4nster p\u00e5 plats i exempelvis Arjeplog - Arvidsjaur - Boden - G\u00e4llivare - Haparanda - Jokkmokk - Kalix - Kiruna - Lule\u00e5 - Pajala - Pite\u00e5 - \u00c4lvsbyn - \u00d6verkalix - \u00d6vertorne\u00e5 - Tornedalen - Norrbotten - Norrland","og_url":"https:\/\/www.opti-x.com\/en\/shop\/dpf\/modellanpassad-ersattningsror\/","og_site_name":"Motoroptimering - Adblue - DPF | Opti-X AB","article_publisher":"https:\/\/www.facebook.com\/optixab\/","article_modified_time":"2024-09-28T19:48:36+00:00","og_image":[{"width":1000,"height":1000,"url":"https:\/\/www.opti-x.com\/wp-content\/uploads\/2021\/04\/ror1.png","type":"image\/png"}],"twitter_card":"summary_large_image","schema":{"@context":"https:\/\/schema.org","@graph":[{"@type":"WebPage","@id":"https:\/\/www.opti-x.com\/shop\/dpf\/modellanpassad-ersattningsror\/","url":"https:\/\/www.opti-x.com\/shop\/dpf\/modellanpassad-ersattningsror\/","name":"Ers\u00e4ttningsr\u00f6r - Volvo - Motoroptimering - Adblue - DPF | Opti-X AB","isPartOf":{"@id":"https:\/\/www.opti-x.com\/#website"},"primaryImageOfPage":{"@id":"https:\/\/www.opti-x.com\/shop\/dpf\/modellanpassad-ersattningsror\/#primaryimage"},"image":{"@id":"https:\/\/www.opti-x.com\/shop\/dpf\/modellanpassad-ersattningsror\/#primaryimage"},"thumbnailUrl":"https:\/\/www.opti-x.com\/wp-content\/uploads\/2021\/04\/ror1.png","datePublished":"2021-04-08T11:54:16+00:00","dateModified":"2024-09-28T19:48:36+00:00","description":"Vi utf\u00f6r motoroptimering, fels\u00f6kning av elproblem i bil och tunga fordon, adblue och dpf l\u00f6sningar p\u00e5 m\u00e4rken s\u00e5 som Bmw, Mercedes, Audi, Renault, Kia, Toyota, Peugeuot, Nissan, Izuzu, Subaru, Skoda, Volvo. Samt optimering f\u00f6r bland annat s\u00e4nkt br\u00e4nslef\u00f6rbrukning. V\u00e5r verkstad finns i Haparanda men vi erbjuder \u00e4ven v\u00e5ra tj\u00e4nster p\u00e5 plats i exempelvis Arjeplog - Arvidsjaur - Boden - G\u00e4llivare - Haparanda - Jokkmokk - Kalix - Kiruna - Lule\u00e5 - Pajala - Pite\u00e5 - \u00c4lvsbyn - \u00d6verkalix - \u00d6vertorne\u00e5 - Tornedalen - Norrbotten - Norrland","breadcrumb":{"@id":"https:\/\/www.opti-x.com\/shop\/dpf\/modellanpassad-ersattningsror\/#breadcrumb"},"inLanguage":"en-GB","potentialAction":[{"@type":"ReadAction","target":["https:\/\/www.opti-x.com\/shop\/dpf\/modellanpassad-ersattningsror\/"]}]},{"@type":"ImageObject","inLanguage":"en-GB","@id":"https:\/\/www.opti-x.com\/shop\/dpf\/modellanpassad-ersattningsror\/#primaryimage","url":"https:\/\/www.opti-x.com\/wp-content\/uploads\/2021\/04\/ror1.png","contentUrl":"https:\/\/www.opti-x.com\/wp-content\/uploads\/2021\/04\/ror1.png","width":1000,"height":1000},{"@type":"BreadcrumbList","@id":"https:\/\/www.opti-x.com\/shop\/dpf\/modellanpassad-ersattningsror\/#breadcrumb","itemListElement":[{"@type":"ListItem","position":1,"name":"Hem","item":"https:\/\/www.opti-x.com\/"},{"@type":"ListItem","position":2,"name":"Produkter","item":"https:\/\/www.opti-x.com\/produkter\/"},{"@type":"ListItem","position":3,"name":"Ers\u00e4ttningsr\u00f6r &#8211; Volvo"}]},{"@type":"WebSite","@id":"https:\/\/www.opti-x.com\/#website","url":"https:\/\/www.opti-x.com\/","name":"Motoroptimering - Adblue - DPF | Opti-X AB","description":"Optimering, Adblue &amp; DPF l\u00f6sningar","publisher":{"@id":"https:\/\/www.opti-x.com\/#organization"},"potentialAction":[{"@type":"SearchAction","target":{"@type":"EntryPoint","urlTemplate":"https:\/\/www.opti-x.com\/?s={search_term_string}"},"query-input":{"@type":"PropertyValueSpecification","valueRequired":true,"valueName":"search_term_string"}}],"inLanguage":"en-GB"},{"@type":"Organization","@id":"https:\/\/www.opti-x.com\/#organization","name":"Motoroptimering - Adblue - DPF","url":"https:\/\/www.opti-x.com\/","logo":{"@type":"ImageObject","inLanguage":"en-GB","@id":"https:\/\/www.opti-x.com\/#\/schema\/logo\/image\/","url":"https:\/\/www.opti-x.com\/wp-content\/uploads\/2020\/03\/logo-mk1-2.png","contentUrl":"https:\/\/www.opti-x.com\/wp-content\/uploads\/2020\/03\/logo-mk1-2.png","width":130,"height":46,"caption":"Motoroptimering - Adblue - DPF"},"image":{"@id":"https:\/\/www.opti-x.com\/#\/schema\/logo\/image\/"},"sameAs":["https:\/\/www.facebook.com\/optixab\/","https:\/\/www.instagram.com\/optix_ab\/"]}]}},"_links":{"self":[{"href":"https:\/\/www.opti-x.com\/en\/wp-json\/wp\/v2\/product\/5199","targetHints":{"allow":["GET"]}}],"collection":[{"href":"https:\/\/www.opti-x.com\/en\/wp-json\/wp\/v2\/product"}],"about":[{"href":"https:\/\/www.opti-x.com\/en\/wp-json\/wp\/v2\/types\/product"}],"version-history":[{"count":6,"href":"https:\/\/www.opti-x.com\/en\/wp-json\/wp\/v2\/product\/5199\/revisions"}],"predecessor-version":[{"id":5635,"href":"https:\/\/www.opti-x.com\/en\/wp-json\/wp\/v2\/product\/5199\/revisions\/5635"}],"wp:featuredmedia":[{"embeddable":true,"href":"https:\/\/www.opti-x.com\/en\/wp-json\/wp\/v2\/media\/5200"}],"wp:attachment":[{"href":"https:\/\/www.opti-x.com\/en\/wp-json\/wp\/v2\/media?parent=5199"}],"wp:term":[{"taxonomy":"product_brand","embeddable":true,"href":"https:\/\/www.opti-x.com\/en\/wp-json\/wp\/v2\/product_brand?post=5199"},{"taxonomy":"product_cat","embeddable":true,"href":"https:\/\/www.opti-x.com\/en\/wp-json\/wp\/v2\/product_cat?post=5199"},{"taxonomy":"product_tag","embeddable":true,"href":"https:\/\/www.opti-x.com\/en\/wp-json\/wp\/v2\/product_tag?post=5199"}],"curies":[{"name":"wp","href":"https:\/\/api.w.org\/{rel}","templated":true}]}}