{"id":4248,"date":"2020-03-30T08:45:33","date_gmt":"2020-03-30T06:45:33","guid":{"rendered":"https:\/\/www.opti-x.com\/?page_id=4248"},"modified":"2022-09-02T11:17:16","modified_gmt":"2022-09-02T09:17:16","slug":"optimering","status":"publish","type":"page","link":"https:\/\/www.opti-x.com\/fi\/tjanster\/optimering\/","title":{"rendered":"Optimointi"},"content":{"rendered":"<div data-elementor-type=\"wp-page\" data-elementor-id=\"4248\" class=\"elementor elementor-4248\">\n\t\t\t\t\t\t<section class=\"elementor-section elementor-top-section elementor-element elementor-element-fb62e86 elementor-section-boxed elementor-section-height-default elementor-section-height-default\" data-id=\"fb62e86\" data-element_type=\"section\" data-e-type=\"section\" data-settings=\"{&quot;background_background&quot;:&quot;classic&quot;}\">\n\t\t\t\t\t\t<div class=\"elementor-container elementor-column-gap-default\">\n\t\t\t\t\t<div class=\"elementor-column elementor-col-100 elementor-top-column elementor-element elementor-element-d2564f3\" data-id=\"d2564f3\" data-element_type=\"column\" data-e-type=\"column\">\n\t\t\t<div class=\"elementor-widget-wrap elementor-element-populated\">\n\t\t\t\t\t\t<div class=\"elementor-element elementor-element-5b138ee elementor-widget elementor-widget-heading\" data-id=\"5b138ee\" data-element_type=\"widget\" data-e-type=\"widget\" data-widget_type=\"heading.default\">\n\t\t\t\t<div class=\"elementor-widget-container\">\n\t\t\t\t\t<h2 class=\"elementor-heading-title elementor-size-default\">Optimointi<\/h2>\t\t\t\t<\/div>\n\t\t\t\t<\/div>\n\t\t\t\t<div class=\"elementor-element elementor-element-9df98e2 decoration-lines-hide-tablet elementor-widget elementor-widget-motor-title-decoration-lines\" data-id=\"9df98e2\" data-element_type=\"widget\" data-e-type=\"widget\" data-widget_type=\"motor-title-decoration-lines.default\">\n\t\t\t\t<div class=\"elementor-widget-container\">\n\t\t\t\t\t        <span class=\"decoration-lines-1\"><\/span><span class=\"decoration-lines-2\"><\/span>\n        \t\t\t\t<\/div>\n\t\t\t\t<\/div>\n\t\t\t\t\t<\/div>\n\t\t<\/div>\n\t\t\t\t\t<\/div>\n\t\t<\/section>\n\t\t\t\t<section class=\"elementor-section elementor-top-section elementor-element elementor-element-2ee543d elementor-section-boxed elementor-section-height-default elementor-section-height-default\" data-id=\"2ee543d\" data-element_type=\"section\" data-e-type=\"section\">\n\t\t\t\t\t\t<div class=\"elementor-container elementor-column-gap-default\">\n\t\t\t\t\t<div class=\"elementor-column elementor-col-100 elementor-top-column elementor-element elementor-element-a639082\" data-id=\"a639082\" data-element_type=\"column\" data-e-type=\"column\">\n\t\t\t<div class=\"elementor-widget-wrap elementor-element-populated\">\n\t\t\t\t\t\t<div class=\"elementor-element elementor-element-149ee56 elementor-widget elementor-widget-image\" data-id=\"149ee56\" data-element_type=\"widget\" data-e-type=\"widget\" data-widget_type=\"image.default\">\n\t\t\t\t<div class=\"elementor-widget-container\">\n\t\t\t\t\t\t\t\t\t\t\t\t\t\t\t<img fetchpriority=\"high\" decoding=\"async\" width=\"800\" height=\"215\" src=\"https:\/\/www.opti-x.com\/wp-content\/uploads\/2020\/07\/optimering.png\" class=\"attachment-full size-full wp-image-4527\" alt=\"\" srcset=\"https:\/\/www.opti-x.com\/wp-content\/uploads\/2020\/07\/optimering.png 800w, https:\/\/www.opti-x.com\/wp-content\/uploads\/2020\/07\/optimering-400x108.png 400w, https:\/\/www.opti-x.com\/wp-content\/uploads\/2020\/07\/optimering-768x206.png 768w, https:\/\/www.opti-x.com\/wp-content\/uploads\/2020\/07\/optimering-234x63.png 234w, https:\/\/www.opti-x.com\/wp-content\/uploads\/2020\/07\/optimering-500x134.png 500w\" sizes=\"(max-width: 800px) 100vw, 800px\" \/>\t\t\t\t\t\t\t\t\t\t\t\t\t\t\t<\/div>\n\t\t\t\t<\/div>\n\t\t\t\t<div class=\"elementor-element elementor-element-a331080 elementor-alert-warning elementor-widget elementor-widget-alert\" data-id=\"a331080\" data-element_type=\"widget\" data-e-type=\"widget\" data-widget_type=\"alert.default\">\n\t\t\t\t<div class=\"elementor-widget-container\">\n\t\t\t\t\t\t\t<div class=\"elementor-alert\" role=\"alert\">\n\n\t\t\t\t\t\t<span class=\"elementor-alert-title\">T\u00e4t\u00e4 sivua ei ole viel\u00e4 k\u00e4\u00e4nnetty suomeksi.<\/span>\n\t\t\t\n\t\t\t\t\t\t<span class=\"elementor-alert-description\">Ty\u00f6skentelemme sen parissa.<\/span>\n\t\t\t\n\t\t\t\t\t\t<button type=\"button\" class=\"elementor-alert-dismiss\" aria-label=\"Dismiss this alert.\">\n\t\t\t\t\t\t\t\t\t<span aria-hidden=\"true\">&times;<\/span>\n\t\t\t\t\t\t\t<\/button>\n\t\t\t\n\t\t<\/div>\n\t\t\t\t\t\t<\/div>\n\t\t\t\t<\/div>\n\t\t\t\t\t<\/div>\n\t\t<\/div>\n\t\t\t\t\t<\/div>\n\t\t<\/section>\n\t\t\t\t<section class=\"elementor-section elementor-top-section elementor-element elementor-element-d761faa elementor-section-boxed elementor-section-height-default elementor-section-height-default\" data-id=\"d761faa\" data-element_type=\"section\" data-e-type=\"section\">\n\t\t\t\t\t\t<div class=\"elementor-container elementor-column-gap-default\">\n\t\t\t\t\t<div class=\"elementor-column elementor-col-100 elementor-top-column elementor-element elementor-element-a029492\" data-id=\"a029492\" data-element_type=\"column\" data-e-type=\"column\">\n\t\t\t<div class=\"elementor-widget-wrap elementor-element-populated\">\n\t\t\t\t\t\t<div class=\"elementor-element elementor-element-c69b0d6 elementor-widget elementor-widget-text-editor\" data-id=\"c69b0d6\" data-element_type=\"widget\" data-e-type=\"widget\" data-widget_type=\"text-editor.default\">\n\t\t\t\t<div class=\"elementor-widget-container\">\n\t\t\t\t\t\t\t\t\t<p>Vi optimerar personbilar, husbilar, motorcyklar, sn\u00f6skotrar, ATV, b\u00e5tar med mera.<br \/>Optimering fr\u00e5n oss inneb\u00e4r att ditt fordon f\u00e5r nya inst\u00e4llningar f\u00f6r att prestera s\u00e5 bra och kostnadseffektivt som m\u00f6jligt.<\/p><p>M\u00e5nga tror oftast att en optimering \u00e4r detsamma som att trimma sitt fordon s\u00e5 den har lite mer h\u00e4stkrafter.<br \/>Men en optimering inneb\u00e4r att din motor anv\u00e4nds p\u00e5 b\u00e4sta s\u00e4tt b\u00e5de ekonomiskt och f\u00e5r \u00f6kad livsl\u00e4ngd. Den f\u00e5r givetvis \u00e4ven mer h\u00e4stkrafter.<\/p><p>Du kan se vad just ditt fordon kan f\u00e5 ut av en optimering genom v\u00e5rt verktyg h\u00e4r p\u00e5 v\u00e5r hemsida.<br \/>Om du inte hittar ditt fordon i verktyget p\u00e5 v\u00e5r hemsida s\u00e5 kan du h\u00f6ra av dig till oss med vilket fordon du har s\u00e5 tar vi fram v\u00e4rden \u00e5t dig.<\/p><p>Vi har fasta priser (inkl moms) f\u00f6r optimering av personbilar och husbilar vilket beror p\u00e5 ditt fordons \u00e5rsmodell (se prislista nedan).<br \/>Resterande fordon har modellanpassade priser som ni kan f\u00e5 genom att kontakta oss via mail, telefon eller chat.<\/p><p>Vi kan \u00e4ven erbjuda paketpriser om ni \u00e4r intresserade av fler tj\u00e4nster under samma bes\u00f6k, exempelvis v\u00e5ra\u00a0<a href=\"https:\/\/www.opti-x.com\/fi\/tjanster\/adblue-dpf-losningar\/\" target=\"_blank\" rel=\"noopener\">DPF &amp; AdBlue l\u00f6sningar<\/a>.<\/p><p>F\u00f6r fler fr\u00e5gor kring optimeringar, se sidan <a href=\"https:\/\/www.opti-x.com\/fi\/faq\/\">Kysymykset ja vastaukset<\/a><\/p>\t\t\t\t\t\t\t\t<\/div>\n\t\t\t\t<\/div>\n\t\t\t\t\t<\/div>\n\t\t<\/div>\n\t\t\t\t\t<\/div>\n\t\t<\/section>\n\t\t\t\t<section class=\"elementor-section elementor-top-section elementor-element elementor-element-ed9a98f elementor-section-boxed elementor-section-height-default elementor-section-height-default\" data-id=\"ed9a98f\" data-element_type=\"section\" data-e-type=\"section\">\n\t\t\t\t\t\t<div class=\"elementor-container elementor-column-gap-default\">\n\t\t\t\t\t<div class=\"elementor-column elementor-col-33 elementor-top-column elementor-element elementor-element-0eb14fc\" data-id=\"0eb14fc\" data-element_type=\"column\" data-e-type=\"column\">\n\t\t\t<div class=\"elementor-widget-wrap elementor-element-populated\">\n\t\t\t\t\t\t<div class=\"elementor-element elementor-element-a06c451 pricing-style-2 elementor-widget elementor-widget-motor-pricing\" data-id=\"a06c451\" data-element_type=\"widget\" data-e-type=\"widget\" data-widget_type=\"motor-pricing.default\">\n\t\t\t\t<div class=\"elementor-widget-container\">\n\t\t\t\t\t        <div class=\"el-pricing\">\n            \n                        <h3 class=\"el-pricing-ttl\">2009 eller \u00e4ldre<\/h3>\n            \n                        <div class=\"el-pricing-price\">5000<span class=\"el-pricing-currency el-pricing-currency-bottom\">kr<\/span><\/div>\n            \n                        <div class=\"el-pricing-desc\">\n                <p>Motoroptimering<\/p><p>V\u00e4xell\u00e5dsoptimering<\/p><p>Minskad br\u00e4nslef\u00f6rbrukning<\/p>            <\/div>\n            \n            \n                        <div class=\"elementor-button-wrapper\">\n                <a href=\"https:\/\/www.opti-x.com\/fi\/kontakt\/\" class=\"elementor-button-link elementor-button elementor-size-md\">\n                            <span class=\"elementor-button-content-wrapper\">\n\t\t\t                <span class=\"elementor-align-icon-left elementor-button-icon\">\n\t\t\t\t<i class=\"fa fa-calendar-check-o\"><\/i>\n\t\t\t<\/span>\n                        <span class=\"elementor-button-text\">Tilaa aika<\/span>\n\t\t<\/span>\n                        <\/a>\n            <\/div>\n            \n            \n        <\/div>\n\n        \n        \t\t\t\t<\/div>\n\t\t\t\t<\/div>\n\t\t\t\t\t<\/div>\n\t\t<\/div>\n\t\t\t\t<div class=\"elementor-column elementor-col-33 elementor-top-column elementor-element elementor-element-0fec1fd\" data-id=\"0fec1fd\" data-element_type=\"column\" data-e-type=\"column\">\n\t\t\t<div class=\"elementor-widget-wrap elementor-element-populated\">\n\t\t\t\t\t\t<div class=\"elementor-element elementor-element-c8262c9 pricing-style-2 elementor-widget elementor-widget-motor-pricing\" data-id=\"c8262c9\" data-element_type=\"widget\" data-e-type=\"widget\" data-widget_type=\"motor-pricing.default\">\n\t\t\t\t<div class=\"elementor-widget-container\">\n\t\t\t\t\t        <div class=\"el-pricing\">\n            \n                        <h3 class=\"el-pricing-ttl\">2010 - 2017<\/h3>\n            \n                        <div class=\"el-pricing-price\">6000<span class=\"el-pricing-currency el-pricing-currency-bottom\">kr<\/span><\/div>\n            \n                        <div class=\"el-pricing-desc\">\n                <p>Motoroptimering<\/p><p>V\u00e4xell\u00e5dsoptimering<\/p><p>Minskad br\u00e4nslef\u00f6rbrukning<\/p>            <\/div>\n            \n            \n                        <div class=\"elementor-button-wrapper\">\n                <a href=\"https:\/\/www.opti-x.com\/fi\/kontakt\/\" class=\"elementor-button-link elementor-button elementor-size-md\">\n                            <span class=\"elementor-button-content-wrapper\">\n\t\t\t                <span class=\"elementor-align-icon-left elementor-button-icon\">\n\t\t\t\t<i class=\"fa fa-calendar-check-o\"><\/i>\n\t\t\t<\/span>\n                        <span class=\"elementor-button-text\">Tilaa aika<\/span>\n\t\t<\/span>\n                        <\/a>\n            <\/div>\n            \n            \n        <\/div>\n\n        \n        \t\t\t\t<\/div>\n\t\t\t\t<\/div>\n\t\t\t\t\t<\/div>\n\t\t<\/div>\n\t\t\t\t<div class=\"elementor-column elementor-col-33 elementor-top-column elementor-element elementor-element-8dcf3f1\" data-id=\"8dcf3f1\" data-element_type=\"column\" data-e-type=\"column\">\n\t\t\t<div class=\"elementor-widget-wrap elementor-element-populated\">\n\t\t\t\t\t\t<div class=\"elementor-element elementor-element-6028aaa pricing-style-2 elementor-widget elementor-widget-motor-pricing\" data-id=\"6028aaa\" data-element_type=\"widget\" data-e-type=\"widget\" data-widget_type=\"motor-pricing.default\">\n\t\t\t\t<div class=\"elementor-widget-container\">\n\t\t\t\t\t        <div class=\"el-pricing\">\n            \n                        <h3 class=\"el-pricing-ttl\">2018 eller nyare<\/h3>\n            \n                        <div class=\"el-pricing-price\">7000<span class=\"el-pricing-currency el-pricing-currency-bottom\">kr<\/span><\/div>\n            \n                        <div class=\"el-pricing-desc\">\n                <p>Motoroptimering<\/p><p>V\u00e4xell\u00e5dsoptimering<\/p><p>Minskad br\u00e4nslef\u00f6rbrukning<\/p>            <\/div>\n            \n            \n                        <div class=\"elementor-button-wrapper\">\n                <a href=\"https:\/\/www.opti-x.com\/fi\/kontakt\/\" class=\"elementor-button-link elementor-button elementor-size-md\">\n                            <span class=\"elementor-button-content-wrapper\">\n\t\t\t                <span class=\"elementor-align-icon-left elementor-button-icon\">\n\t\t\t\t<i class=\"fa fa-calendar-check-o\"><\/i>\n\t\t\t<\/span>\n                        <span class=\"elementor-button-text\">Tilaa aika<\/span>\n\t\t<\/span>\n                        <\/a>\n            <\/div>\n            \n            \n        <\/div>\n\n        \n        \t\t\t\t<\/div>\n\t\t\t\t<\/div>\n\t\t\t\t\t<\/div>\n\t\t<\/div>\n\t\t\t\t\t<\/div>\n\t\t<\/section>\n\t\t\t\t<\/div>","protected":false},"excerpt":{"rendered":"<p>Optimering Vi optimerar personbilar, husbilar, motorcyklar, sn\u00f6skotrar, ATV, b\u00e5tar med mera.Optimering fr\u00e5n oss inneb\u00e4r att ditt fordon f\u00e5r nya inst\u00e4llningar f\u00f6r att prestera s\u00e5 bra och kostnadseffektivt som m\u00f6jligt. M\u00e5nga tror oftast att en optimering \u00e4r detsamma som att trimma sitt fordon s\u00e5 den har lite mer h\u00e4stkrafter.Men en optimering inneb\u00e4r att din motor anv\u00e4nds&#8230;<\/p>","protected":false},"author":1,"featured_media":0,"parent":4054,"menu_order":0,"comment_status":"closed","ping_status":"closed","template":"","meta":{"footnotes":""},"class_list":["post-4248","page","type-page","status-publish","hentry"],"yoast_head":"<!-- This site is optimized with the Yoast SEO plugin v27.4 - https:\/\/yoast.com\/product\/yoast-seo-wordpress\/ -->\n<title>Motoroptimering - Adblue - DPF | Opti-X AB<\/title>\n<meta name=\"description\" content=\"Vi utf\u00f6r motoroptimering, fels\u00f6kning av elproblem i bil och tunga fordon, adblue och dpf l\u00f6sningar p\u00e5 m\u00e4rken s\u00e5 som Bmw, Mercedes, Audi, Renault, Kia, Toyota, Peugeuot, Nissan, Izuzu, Subaru, Skoda, Volvo. Samt optimering f\u00f6r bland annat s\u00e4nkt br\u00e4nslef\u00f6rbrukning. V\u00e5r verkstad finns i Haparanda men vi erbjuder \u00e4ven v\u00e5ra tj\u00e4nster p\u00e5 plats i exempelvis Arjeplog - Arvidsjaur - Boden - G\u00e4llivare - Haparanda - Jokkmokk - Kalix - Kiruna - Lule\u00e5 - Pajala - Pite\u00e5 - \u00c4lvsbyn - \u00d6verkalix - \u00d6vertorne\u00e5 - Tornedalen - Norrbotten - Norrland\" \/>\n<meta name=\"robots\" content=\"index, follow, max-snippet:-1, max-image-preview:large, max-video-preview:-1\" \/>\n<link rel=\"canonical\" href=\"https:\/\/www.opti-x.com\/fi\/tjanster\/optimering\/\" \/>\n<meta property=\"og:locale\" content=\"fi_FI\" \/>\n<meta property=\"og:type\" content=\"article\" \/>\n<meta property=\"og:title\" content=\"Motoroptimering - Adblue - DPF | Opti-X AB\" \/>\n<meta property=\"og:description\" content=\"Vi utf\u00f6r motoroptimering, fels\u00f6kning av elproblem i bil och tunga fordon, adblue och dpf l\u00f6sningar p\u00e5 m\u00e4rken s\u00e5 som Bmw, Mercedes, Audi, Renault, Kia, Toyota, Peugeuot, Nissan, Izuzu, Subaru, Skoda, Volvo. Samt optimering f\u00f6r bland annat s\u00e4nkt br\u00e4nslef\u00f6rbrukning. V\u00e5r verkstad finns i Haparanda men vi erbjuder \u00e4ven v\u00e5ra tj\u00e4nster p\u00e5 plats i exempelvis Arjeplog - Arvidsjaur - Boden - G\u00e4llivare - Haparanda - Jokkmokk - Kalix - Kiruna - Lule\u00e5 - Pajala - Pite\u00e5 - \u00c4lvsbyn - \u00d6verkalix - \u00d6vertorne\u00e5 - Tornedalen - Norrbotten - Norrland\" \/>\n<meta property=\"og:url\" content=\"https:\/\/www.opti-x.com\/fi\/tjanster\/optimering\/\" \/>\n<meta property=\"og:site_name\" content=\"Motoroptimering - Adblue - DPF | Opti-X AB\" \/>\n<meta property=\"article:publisher\" content=\"https:\/\/www.facebook.com\/optixab\/\" \/>\n<meta property=\"article:modified_time\" content=\"2022-09-02T09:17:16+00:00\" \/>\n<meta property=\"og:image\" content=\"https:\/\/www.opti-x.com\/wp-content\/uploads\/2020\/07\/optimering.png\" \/>\n<meta name=\"twitter:card\" content=\"summary_large_image\" \/>\n<meta name=\"twitter:label1\" content=\"Arvioitu lukuaika\" \/>\n\t<meta name=\"twitter:data1\" content=\"2 minuuttia\" \/>\n<script type=\"application\/ld+json\" class=\"yoast-schema-graph\">{\"@context\":\"https:\\\/\\\/schema.org\",\"@graph\":[{\"@type\":\"WebPage\",\"@id\":\"https:\\\/\\\/www.opti-x.com\\\/tjanster\\\/optimering\\\/\",\"url\":\"https:\\\/\\\/www.opti-x.com\\\/tjanster\\\/optimering\\\/\",\"name\":\"Motoroptimering - Adblue - DPF | Opti-X AB\",\"isPartOf\":{\"@id\":\"https:\\\/\\\/www.opti-x.com\\\/#website\"},\"primaryImageOfPage\":{\"@id\":\"https:\\\/\\\/www.opti-x.com\\\/tjanster\\\/optimering\\\/#primaryimage\"},\"image\":{\"@id\":\"https:\\\/\\\/www.opti-x.com\\\/tjanster\\\/optimering\\\/#primaryimage\"},\"thumbnailUrl\":\"https:\\\/\\\/www.opti-x.com\\\/wp-content\\\/uploads\\\/2020\\\/07\\\/optimering.png\",\"datePublished\":\"2020-03-30T06:45:33+00:00\",\"dateModified\":\"2022-09-02T09:17:16+00:00\",\"description\":\"Vi utf\u00f6r motoroptimering, fels\u00f6kning av elproblem i bil och tunga fordon, adblue och dpf l\u00f6sningar p\u00e5 m\u00e4rken s\u00e5 som Bmw, Mercedes, Audi, Renault, Kia, Toyota, Peugeuot, Nissan, Izuzu, Subaru, Skoda, Volvo. Samt optimering f\u00f6r bland annat s\u00e4nkt br\u00e4nslef\u00f6rbrukning. V\u00e5r verkstad finns i Haparanda men vi erbjuder \u00e4ven v\u00e5ra tj\u00e4nster p\u00e5 plats i exempelvis Arjeplog - Arvidsjaur - Boden - G\u00e4llivare - Haparanda - Jokkmokk - Kalix - Kiruna - Lule\u00e5 - Pajala - Pite\u00e5 - \u00c4lvsbyn - \u00d6verkalix - \u00d6vertorne\u00e5 - Tornedalen - Norrbotten - Norrland\",\"breadcrumb\":{\"@id\":\"https:\\\/\\\/www.opti-x.com\\\/tjanster\\\/optimering\\\/#breadcrumb\"},\"inLanguage\":\"fi\",\"potentialAction\":[{\"@type\":\"ReadAction\",\"target\":[\"https:\\\/\\\/www.opti-x.com\\\/tjanster\\\/optimering\\\/\"]}]},{\"@type\":\"ImageObject\",\"inLanguage\":\"fi\",\"@id\":\"https:\\\/\\\/www.opti-x.com\\\/tjanster\\\/optimering\\\/#primaryimage\",\"url\":\"https:\\\/\\\/www.opti-x.com\\\/wp-content\\\/uploads\\\/2020\\\/07\\\/optimering.png\",\"contentUrl\":\"https:\\\/\\\/www.opti-x.com\\\/wp-content\\\/uploads\\\/2020\\\/07\\\/optimering.png\"},{\"@type\":\"BreadcrumbList\",\"@id\":\"https:\\\/\\\/www.opti-x.com\\\/tjanster\\\/optimering\\\/#breadcrumb\",\"itemListElement\":[{\"@type\":\"ListItem\",\"position\":1,\"name\":\"Hem\",\"item\":\"https:\\\/\\\/www.opti-x.com\\\/\"},{\"@type\":\"ListItem\",\"position\":2,\"name\":\"Tj\u00e4nster\",\"item\":\"https:\\\/\\\/www.opti-x.com\\\/tjanster\\\/\"},{\"@type\":\"ListItem\",\"position\":3,\"name\":\"Optimering\"}]},{\"@type\":\"WebSite\",\"@id\":\"https:\\\/\\\/www.opti-x.com\\\/#website\",\"url\":\"https:\\\/\\\/www.opti-x.com\\\/\",\"name\":\"Motoroptimering - Adblue - DPF | Opti-X AB\",\"description\":\"Optimering, Adblue &amp; DPF l\u00f6sningar\",\"publisher\":{\"@id\":\"https:\\\/\\\/www.opti-x.com\\\/#organization\"},\"potentialAction\":[{\"@type\":\"SearchAction\",\"target\":{\"@type\":\"EntryPoint\",\"urlTemplate\":\"https:\\\/\\\/www.opti-x.com\\\/?s={search_term_string}\"},\"query-input\":{\"@type\":\"PropertyValueSpecification\",\"valueRequired\":true,\"valueName\":\"search_term_string\"}}],\"inLanguage\":\"fi\"},{\"@type\":\"Organization\",\"@id\":\"https:\\\/\\\/www.opti-x.com\\\/#organization\",\"name\":\"Motoroptimering - Adblue - DPF\",\"url\":\"https:\\\/\\\/www.opti-x.com\\\/\",\"logo\":{\"@type\":\"ImageObject\",\"inLanguage\":\"fi\",\"@id\":\"https:\\\/\\\/www.opti-x.com\\\/#\\\/schema\\\/logo\\\/image\\\/\",\"url\":\"https:\\\/\\\/www.opti-x.com\\\/wp-content\\\/uploads\\\/2020\\\/03\\\/logo-mk1-2.png\",\"contentUrl\":\"https:\\\/\\\/www.opti-x.com\\\/wp-content\\\/uploads\\\/2020\\\/03\\\/logo-mk1-2.png\",\"width\":130,\"height\":46,\"caption\":\"Motoroptimering - Adblue - DPF\"},\"image\":{\"@id\":\"https:\\\/\\\/www.opti-x.com\\\/#\\\/schema\\\/logo\\\/image\\\/\"},\"sameAs\":[\"https:\\\/\\\/www.facebook.com\\\/optixab\\\/\",\"https:\\\/\\\/www.instagram.com\\\/optix_ab\\\/\"]}]}<\/script>\n<!-- \/ Yoast SEO plugin. -->","yoast_head_json":{"title":"Motoroptimering - Adblue - DPF | Opti-X AB","description":"Vi utf\u00f6r motoroptimering, fels\u00f6kning av elproblem i bil och tunga fordon, adblue och dpf l\u00f6sningar p\u00e5 m\u00e4rken s\u00e5 som Bmw, Mercedes, Audi, Renault, Kia, Toyota, Peugeuot, Nissan, Izuzu, Subaru, Skoda, Volvo. Samt optimering f\u00f6r bland annat s\u00e4nkt br\u00e4nslef\u00f6rbrukning. V\u00e5r verkstad finns i Haparanda men vi erbjuder \u00e4ven v\u00e5ra tj\u00e4nster p\u00e5 plats i exempelvis Arjeplog - Arvidsjaur - Boden - G\u00e4llivare - Haparanda - Jokkmokk - Kalix - Kiruna - Lule\u00e5 - Pajala - Pite\u00e5 - \u00c4lvsbyn - \u00d6verkalix - \u00d6vertorne\u00e5 - Tornedalen - Norrbotten - Norrland","robots":{"index":"index","follow":"follow","max-snippet":"max-snippet:-1","max-image-preview":"max-image-preview:large","max-video-preview":"max-video-preview:-1"},"canonical":"https:\/\/www.opti-x.com\/fi\/tjanster\/optimering\/","og_locale":"fi_FI","og_type":"article","og_title":"Motoroptimering - Adblue - DPF | Opti-X AB","og_description":"Vi utf\u00f6r motoroptimering, fels\u00f6kning av elproblem i bil och tunga fordon, adblue och dpf l\u00f6sningar p\u00e5 m\u00e4rken s\u00e5 som Bmw, Mercedes, Audi, Renault, Kia, Toyota, Peugeuot, Nissan, Izuzu, Subaru, Skoda, Volvo. Samt optimering f\u00f6r bland annat s\u00e4nkt br\u00e4nslef\u00f6rbrukning. V\u00e5r verkstad finns i Haparanda men vi erbjuder \u00e4ven v\u00e5ra tj\u00e4nster p\u00e5 plats i exempelvis Arjeplog - Arvidsjaur - Boden - G\u00e4llivare - Haparanda - Jokkmokk - Kalix - Kiruna - Lule\u00e5 - Pajala - Pite\u00e5 - \u00c4lvsbyn - \u00d6verkalix - \u00d6vertorne\u00e5 - Tornedalen - Norrbotten - Norrland","og_url":"https:\/\/www.opti-x.com\/fi\/tjanster\/optimering\/","og_site_name":"Motoroptimering - Adblue - DPF | Opti-X AB","article_publisher":"https:\/\/www.facebook.com\/optixab\/","article_modified_time":"2022-09-02T09:17:16+00:00","og_image":[{"url":"https:\/\/www.opti-x.com\/wp-content\/uploads\/2020\/07\/optimering.png","type":"","width":"","height":""}],"twitter_card":"summary_large_image","twitter_misc":{"Arvioitu lukuaika":"2 minuuttia"},"schema":{"@context":"https:\/\/schema.org","@graph":[{"@type":"WebPage","@id":"https:\/\/www.opti-x.com\/tjanster\/optimering\/","url":"https:\/\/www.opti-x.com\/tjanster\/optimering\/","name":"Motoroptimering - Adblue - DPF | Opti-X AB","isPartOf":{"@id":"https:\/\/www.opti-x.com\/#website"},"primaryImageOfPage":{"@id":"https:\/\/www.opti-x.com\/tjanster\/optimering\/#primaryimage"},"image":{"@id":"https:\/\/www.opti-x.com\/tjanster\/optimering\/#primaryimage"},"thumbnailUrl":"https:\/\/www.opti-x.com\/wp-content\/uploads\/2020\/07\/optimering.png","datePublished":"2020-03-30T06:45:33+00:00","dateModified":"2022-09-02T09:17:16+00:00","description":"Vi utf\u00f6r motoroptimering, fels\u00f6kning av elproblem i bil och tunga fordon, adblue och dpf l\u00f6sningar p\u00e5 m\u00e4rken s\u00e5 som Bmw, Mercedes, Audi, Renault, Kia, Toyota, Peugeuot, Nissan, Izuzu, Subaru, Skoda, Volvo. Samt optimering f\u00f6r bland annat s\u00e4nkt br\u00e4nslef\u00f6rbrukning. V\u00e5r verkstad finns i Haparanda men vi erbjuder \u00e4ven v\u00e5ra tj\u00e4nster p\u00e5 plats i exempelvis Arjeplog - Arvidsjaur - Boden - G\u00e4llivare - Haparanda - Jokkmokk - Kalix - Kiruna - Lule\u00e5 - Pajala - Pite\u00e5 - \u00c4lvsbyn - \u00d6verkalix - \u00d6vertorne\u00e5 - Tornedalen - Norrbotten - Norrland","breadcrumb":{"@id":"https:\/\/www.opti-x.com\/tjanster\/optimering\/#breadcrumb"},"inLanguage":"fi","potentialAction":[{"@type":"ReadAction","target":["https:\/\/www.opti-x.com\/tjanster\/optimering\/"]}]},{"@type":"ImageObject","inLanguage":"fi","@id":"https:\/\/www.opti-x.com\/tjanster\/optimering\/#primaryimage","url":"https:\/\/www.opti-x.com\/wp-content\/uploads\/2020\/07\/optimering.png","contentUrl":"https:\/\/www.opti-x.com\/wp-content\/uploads\/2020\/07\/optimering.png"},{"@type":"BreadcrumbList","@id":"https:\/\/www.opti-x.com\/tjanster\/optimering\/#breadcrumb","itemListElement":[{"@type":"ListItem","position":1,"name":"Hem","item":"https:\/\/www.opti-x.com\/"},{"@type":"ListItem","position":2,"name":"Tj\u00e4nster","item":"https:\/\/www.opti-x.com\/tjanster\/"},{"@type":"ListItem","position":3,"name":"Optimering"}]},{"@type":"WebSite","@id":"https:\/\/www.opti-x.com\/#website","url":"https:\/\/www.opti-x.com\/","name":"Motoroptimering - Adblue - DPF | Opti-X AB","description":"Optimering, Adblue &amp; DPF l\u00f6sningar","publisher":{"@id":"https:\/\/www.opti-x.com\/#organization"},"potentialAction":[{"@type":"SearchAction","target":{"@type":"EntryPoint","urlTemplate":"https:\/\/www.opti-x.com\/?s={search_term_string}"},"query-input":{"@type":"PropertyValueSpecification","valueRequired":true,"valueName":"search_term_string"}}],"inLanguage":"fi"},{"@type":"Organization","@id":"https:\/\/www.opti-x.com\/#organization","name":"Motoroptimering - Adblue - DPF","url":"https:\/\/www.opti-x.com\/","logo":{"@type":"ImageObject","inLanguage":"fi","@id":"https:\/\/www.opti-x.com\/#\/schema\/logo\/image\/","url":"https:\/\/www.opti-x.com\/wp-content\/uploads\/2020\/03\/logo-mk1-2.png","contentUrl":"https:\/\/www.opti-x.com\/wp-content\/uploads\/2020\/03\/logo-mk1-2.png","width":130,"height":46,"caption":"Motoroptimering - Adblue - DPF"},"image":{"@id":"https:\/\/www.opti-x.com\/#\/schema\/logo\/image\/"},"sameAs":["https:\/\/www.facebook.com\/optixab\/","https:\/\/www.instagram.com\/optix_ab\/"]}]}},"_links":{"self":[{"href":"https:\/\/www.opti-x.com\/fi\/wp-json\/wp\/v2\/pages\/4248","targetHints":{"allow":["GET"]}}],"collection":[{"href":"https:\/\/www.opti-x.com\/fi\/wp-json\/wp\/v2\/pages"}],"about":[{"href":"https:\/\/www.opti-x.com\/fi\/wp-json\/wp\/v2\/types\/page"}],"author":[{"embeddable":true,"href":"https:\/\/www.opti-x.com\/fi\/wp-json\/wp\/v2\/users\/1"}],"replies":[{"embeddable":true,"href":"https:\/\/www.opti-x.com\/fi\/wp-json\/wp\/v2\/comments?post=4248"}],"version-history":[{"count":30,"href":"https:\/\/www.opti-x.com\/fi\/wp-json\/wp\/v2\/pages\/4248\/revisions"}],"predecessor-version":[{"id":5661,"href":"https:\/\/www.opti-x.com\/fi\/wp-json\/wp\/v2\/pages\/4248\/revisions\/5661"}],"up":[{"embeddable":true,"href":"https:\/\/www.opti-x.com\/fi\/wp-json\/wp\/v2\/pages\/4054"}],"wp:attachment":[{"href":"https:\/\/www.opti-x.com\/fi\/wp-json\/wp\/v2\/media?parent=4248"}],"curies":[{"name":"wp","href":"https:\/\/api.w.org\/{rel}","templated":true}]}}