{"id":4438,"date":"2020-05-31T10:55:06","date_gmt":"2020-05-31T08:55:06","guid":{"rendered":"https:\/\/www.opti-x.com\/?page_id=4438"},"modified":"2021-07-22T09:27:50","modified_gmt":"2021-07-22T07:27:50","slug":"kopvillkor","status":"publish","type":"page","link":"https:\/\/www.opti-x.com\/fi\/kopvillkor\/","title":{"rendered":"Ostosehdot"},"content":{"rendered":"<div data-elementor-type=\"wp-page\" data-elementor-id=\"4438\" class=\"elementor elementor-4438\">\n\t\t\t\t\t\t<section class=\"elementor-section elementor-top-section elementor-element elementor-element-f58eef2 elementor-section-boxed elementor-section-height-default elementor-section-height-default\" data-id=\"f58eef2\" data-element_type=\"section\" data-e-type=\"section\">\n\t\t\t\t\t\t<div class=\"elementor-container elementor-column-gap-default\">\n\t\t\t\t\t<div class=\"elementor-column elementor-col-100 elementor-top-column elementor-element elementor-element-6cb58a8\" data-id=\"6cb58a8\" data-element_type=\"column\" data-e-type=\"column\">\n\t\t\t<div class=\"elementor-widget-wrap elementor-element-populated\">\n\t\t\t\t\t\t<div class=\"elementor-element elementor-element-c0a300b elementor-widget elementor-widget-heading\" data-id=\"c0a300b\" data-element_type=\"widget\" data-e-type=\"widget\" data-widget_type=\"heading.default\">\n\t\t\t\t<div class=\"elementor-widget-container\">\n\t\t\t\t\t<h1 class=\"elementor-heading-title elementor-size-default\">Ostoehdot<\/h1>\t\t\t\t<\/div>\n\t\t\t\t<\/div>\n\t\t\t\t<div class=\"elementor-element elementor-element-47922dd decoration-lines-hide-not elementor-widget elementor-widget-motor-title-decoration-lines\" data-id=\"47922dd\" data-element_type=\"widget\" data-e-type=\"widget\" data-widget_type=\"motor-title-decoration-lines.default\">\n\t\t\t\t<div class=\"elementor-widget-container\">\n\t\t\t\t\t        <span class=\"decoration-lines-1\"><\/span><span class=\"decoration-lines-2\"><\/span>\n        \t\t\t\t<\/div>\n\t\t\t\t<\/div>\n\t\t\t\t\t<\/div>\n\t\t<\/div>\n\t\t\t\t\t<\/div>\n\t\t<\/section>\n\t\t\t\t<section class=\"elementor-section elementor-top-section elementor-element elementor-element-19b37f3 elementor-section-boxed elementor-section-height-default elementor-section-height-default\" data-id=\"19b37f3\" data-element_type=\"section\" data-e-type=\"section\">\n\t\t\t\t\t\t<div class=\"elementor-container elementor-column-gap-default\">\n\t\t\t\t\t<div class=\"elementor-column elementor-col-100 elementor-top-column elementor-element elementor-element-e3e3db0\" data-id=\"e3e3db0\" data-element_type=\"column\" data-e-type=\"column\" data-settings=\"{&quot;background_background&quot;:&quot;classic&quot;}\">\n\t\t\t<div class=\"elementor-widget-wrap elementor-element-populated\">\n\t\t\t\t\t\t<section class=\"elementor-section elementor-inner-section elementor-element elementor-element-cd19366 elementor-section-boxed elementor-section-height-default elementor-section-height-default\" data-id=\"cd19366\" data-element_type=\"section\" data-e-type=\"section\">\n\t\t\t\t\t\t<div class=\"elementor-container elementor-column-gap-default\">\n\t\t\t\t\t<div class=\"elementor-column elementor-col-100 elementor-inner-column elementor-element elementor-element-2ceb220\" data-id=\"2ceb220\" data-element_type=\"column\" data-e-type=\"column\">\n\t\t\t<div class=\"elementor-widget-wrap elementor-element-populated\">\n\t\t\t\t\t\t<div class=\"elementor-element elementor-element-2ad0919 elementor-widget elementor-widget-text-editor\" data-id=\"2ad0919\" data-element_type=\"widget\" data-e-type=\"widget\" data-widget_type=\"text-editor.default\">\n\t\t\t\t<div class=\"elementor-widget-container\">\n\t\t\t\t\t\t\t\t\t<h3>HINNAT JA MAKSU<\/h3><p>Jokaisen tuotteen hinta n\u00e4ytet\u00e4\u00e4n ilman arvonlis\u00e4veroa. Ostoskorissa ja kassalla n\u00e4et kokonaishinnan, joka sis\u00e4lt\u00e4\u00e4 kaikki maksut, ALV: n, toimituskulut ja maksut. Maksuehdot ilmoitetaan kassalla valitun maksutavan mukaan. Klarnan tai PayPalin kautta suoritettavia maksuja varten suosittelemme, ett\u00e4 luet my\u00f6s heid\u00e4n ehdot ennen kuin k\u00e4yt\u00e4t niit\u00e4 maksutapana verkkosivustollamme.<\/p><ul><li><a href=\"https:\/\/www.klarna.com\/fi\/ehdot\/\" target=\"_blank\" rel=\"noopener\">https:\/\/www.klarna.com\/fi\/ehdot\/<\/a><\/li><li><a href=\"https:\/\/www.paypal.com\/fi\/webapps\/mpp\/ua\/servicedescription-full\" target=\"_blank\" rel=\"noopener\">https:\/\/www.paypal.com\/fi\/webapps\/mpp\/ua\/servicedescription-full<\/a><\/li><\/ul><h3>PERUUTUSOIKEUS<\/h3><p>Peruutusoikeutesi on voimassa 14 p\u00e4iv\u00e4\u00e4. Meille l\u00e4hett\u00e4m\u00e4ss\u00e4si viestiss\u00e4 on oltava selv\u00e4\u00e4, ett\u00e4 haluat perua. Peruutusaika alkaa p\u00e4iv\u00e4n\u00e4, jona vastaanotit tuotteen tai merkitt\u00e4v\u00e4n osan siit\u00e4. Jos sopimus koskee mittatilausty\u00f6n\u00e4 valmistettua tuotetta tai tuotetta, jolle on annettu selke\u00e4 henkil\u00f6kohtainen kosketus, alkaa peruutusaika sin\u00e4 p\u00e4iv\u00e4n\u00e4, jona olemme antaneet tietoja.<\/p><p><strong>Sinulla ei ole peruuttamisoikeutta, jos:<\/strong><\/p><p>Palvelu aloitetaan peruuttamisjakson aikana suostumuksellasi, hinta riippuu rahoitusmarkkinoiden vaihteluista, esimerkiksi osakkeesta, tuotetta ei sen luonteen vuoksi voida palauttaa, sinetti rikottu \u00e4\u00e4ni- tai videotallenteissa tai tietokoneohjelmissa. Sinet\u00f6inti tarkoittaa my\u00f6s teknist\u00e4 sinet\u00f6inti\u00e4.<\/p><p><strong>Kun olet k\u00e4ytt\u00e4nyt peruuttamisoikeutesi:<\/strong><\/p><p>Sinun on pidett\u00e4v\u00e4 tuote yht\u00e4 hyv\u00e4ss\u00e4 kunnossa kuin sen oli saadessasi sen. \u00c4l\u00e4 k\u00e4yt\u00e4 sit\u00e4, mutta saat tietysti tutkia sen huolellisesti. Jos tuote vahingoittuu tai katoaa huolimattomuudesta, menet\u00e4t peruuttamisoikeuden.<\/p><h3><span style=\"font-family: Montserrat, Montserrat, sans-serif; font-size: 24px; font-style: initial; font-weight: bold; letter-spacing: 0px;\"><br \/>TAKUUT JA PALVELUT<\/span><\/h3><p>Jos saamasi tuote on ollut viallinen, vaihdamme sen neuvoteltuamme asiakaspalvelumme kanssa, tietysti ilman lis\u00e4kustannuksia.\u00a0<br \/><span style=\"letter-spacing: 0px;\">Viallinen tuote on palautettava meille.<\/span><\/p><p>Korjaamomme suorittamiin palveluihin, kuten moottorin ja vaihteiston optimointi, meill\u00e4 on aina takuu itse asennukselle ja optimoinnin yhteydess\u00e4 mahdollisesti esiintyville vahingoille, l\u00e4hinn\u00e4 ohjauskotelolle ja ohjaustiedostoille.\u00a0<\/p><p>Emme voi tarjota mink\u00e4\u00e4nlaisia takuita et\u00e4optimoinnille, koska teknikkomme eiv\u00e4t suorita asennusta itse, vaan vain optimoivat meille tilauksen yhteydess\u00e4 l\u00e4hett\u00e4m\u00e4si tiedoston. Jos et\u00e4optimoinnin asennuksen aikana ilmenee ongelmia, asiakaspalvelumme on k\u00e4ytett\u00e4viss\u00e4 ongelman korjaamiseksi. Emme kuitenkaan voi taata, ett\u00e4 se ratkaistaan, koska se voi johtua l\u00e4hett\u00e4m\u00e4st\u00e4si virheellisest\u00e4 alkuper\u00e4isest\u00e4 tiedostosta. Jos ongelmaa ei ratkaista, suosittelemme, ett\u00e4 palautat ajoneuvosi alkuper\u00e4isell\u00e4 tiedostolla.<\/p><h3><span style=\"font-family: Montserrat, Montserrat, sans-serif; font-size: 24px; font-style: initial; font-weight: bold; letter-spacing: 0px;\"><br \/>TOIMITUKSET<\/span><\/h3><p>Tuotteidemme toimittamiseen k\u00e4yt\u00e4mme PostNordia, Schenkeria ja DHL: \u00e4\u00e4. Kotimaan toimitusaika on 2-3 ty\u00f6p\u00e4iv\u00e4\u00e4. Ulkomaille normaalisti 5-8 ty\u00f6p\u00e4iv\u00e4\u00e4. Emme kuitenkaan voi taata n\u00e4it\u00e4 toimitusaikoja. Jos tuotteella on erilainen toimitusaika, se ilmoitetaan kunkin tuotteen vieress\u00e4.<\/p><p>Noutamattomat tuotteet palautetaan meille. Kaikista paketeista, joita ei ole lunastettu, pid\u00e4t\u00e4mme oikeuden veloittaa sinulta paluukuljetuskulut ja k\u00e4sittelymaksun.<\/p><h3>PALAUTUKSET<\/h3><p>Palautus tapahtuu omalla kustannuksellasi, ellei tuote ole viallinen tai meid\u00e4n pakkausvirheemme. Palautukset tulee l\u00e4hett\u00e4\u00e4 kirjeen\u00e4 tai pakettina, ei postiennakkona. Vaihdon yhteydess\u00e4 maksamme uuden tuotteen toimituksen sinulle.<\/p><p>Kun olet k\u00e4ytt\u00e4nyt peruuttamisoikeutta, sinun on<\/p><p>l\u00e4hetett\u00e4v\u00e4 tai palautettava se meille, jos kyseess\u00e4 on tuote. Jos kyseess\u00e4 on palvelu: pid\u00e4 materiaali meid\u00e4n saatavilla, ellei se aiheuta sinulle haittaa.<\/p><p>palvelun tapauksessa: pid\u00e4 materiaali k\u00e4ytett\u00e4viss\u00e4, ellei se aiheuta sinulle haittaa.<\/p><p><strong>Takaisinmaksuvelvollisuus:<\/strong><\/p><p>Jos olet k\u00e4ytt\u00e4nyt peruuttamisoikeuttasi, maksamme tuotteesta maksamasi maksun mahdollisimman pian tai viimeist\u00e4\u00e4n 30 p\u00e4iv\u00e4n kuluessa tuotteen vastaanottamisesta tai, jos kyseess\u00e4 on palvelu, ilmoituksen, jonka olet katunut. Palautuskustannukset on maksettava itse, kun palautat tuotteen. Maksamme aina palautuskustannukset ns. Korvaavien tuotteiden palauttamisesta.<\/p><p>Katso my\u00f6s kuluttajavirasto ja et\u00e4sopimuslaki sek\u00e4 EU: n yhteinen riitojenratkaisusivu\u00a0<a href=\"http:\/\/ec.europa.eu\/odr\" target=\"_blank\" rel=\"noopener\">http:\/\/ec.europa.eu\/odr<\/a>.<\/p>\t\t\t\t\t\t\t\t<\/div>\n\t\t\t\t<\/div>\n\t\t\t\t\t<\/div>\n\t\t<\/div>\n\t\t\t\t\t<\/div>\n\t\t<\/section>\n\t\t\t\t\t<\/div>\n\t\t<\/div>\n\t\t\t\t\t<\/div>\n\t\t<\/section>\n\t\t\t\t<\/div>","protected":false},"excerpt":{"rendered":"<p>K\u00d6PVILLKOR PRISER OCH BETALNING Varje vara anges med pris exklusive moms. I varukorgen och kassan kan man se det totala priset inklusive alla avgifter, moms, frakt och betalning. Betalningsvillkor finns angiven i kassan beroende av valt betalningss\u00e4tt. Vid betalningar genom Klarna eller PayPal s\u00e5 rekommenderar vi att ni \u00e4ven l\u00e4ser deras villkor innan ni anv\u00e4nder&#8230;<\/p>","protected":false},"author":1,"featured_media":0,"parent":0,"menu_order":0,"comment_status":"closed","ping_status":"closed","template":"","meta":{"footnotes":""},"class_list":["post-4438","page","type-page","status-publish","hentry"],"yoast_head":"<!-- This site is optimized with the Yoast SEO plugin v27.4 - https:\/\/yoast.com\/product\/yoast-seo-wordpress\/ -->\n<title>Motoroptimering - Adblue - DPF | Opti-X AB<\/title>\n<meta name=\"description\" content=\"Vi utf\u00f6r motoroptimering, fels\u00f6kning av elproblem i bil och tunga fordon, adblue och dpf l\u00f6sningar p\u00e5 m\u00e4rken s\u00e5 som Bmw, Mercedes, Audi, Renault, Kia, Toyota, Peugeuot, Nissan, Izuzu, Subaru, Skoda, Volvo. Samt optimering f\u00f6r bland annat s\u00e4nkt br\u00e4nslef\u00f6rbrukning. V\u00e5r verkstad finns i Haparanda men vi erbjuder \u00e4ven v\u00e5ra tj\u00e4nster p\u00e5 plats i exempelvis Arjeplog - Arvidsjaur - Boden - G\u00e4llivare - Haparanda - Jokkmokk - Kalix - Kiruna - Lule\u00e5 - Pajala - Pite\u00e5 - \u00c4lvsbyn - \u00d6verkalix - \u00d6vertorne\u00e5 - Tornedalen - Norrbotten - Norrland\" \/>\n<meta name=\"robots\" content=\"index, follow, max-snippet:-1, max-image-preview:large, max-video-preview:-1\" \/>\n<link rel=\"canonical\" href=\"https:\/\/www.opti-x.com\/fi\/kopvillkor\/\" \/>\n<meta property=\"og:locale\" content=\"fi_FI\" \/>\n<meta property=\"og:type\" content=\"article\" \/>\n<meta property=\"og:title\" content=\"Motoroptimering - Adblue - DPF | Opti-X AB\" \/>\n<meta property=\"og:description\" content=\"Vi utf\u00f6r motoroptimering, fels\u00f6kning av elproblem i bil och tunga fordon, adblue och dpf l\u00f6sningar p\u00e5 m\u00e4rken s\u00e5 som Bmw, Mercedes, Audi, Renault, Kia, Toyota, Peugeuot, Nissan, Izuzu, Subaru, Skoda, Volvo. Samt optimering f\u00f6r bland annat s\u00e4nkt br\u00e4nslef\u00f6rbrukning. V\u00e5r verkstad finns i Haparanda men vi erbjuder \u00e4ven v\u00e5ra tj\u00e4nster p\u00e5 plats i exempelvis Arjeplog - Arvidsjaur - Boden - G\u00e4llivare - Haparanda - Jokkmokk - Kalix - Kiruna - Lule\u00e5 - Pajala - Pite\u00e5 - \u00c4lvsbyn - \u00d6verkalix - \u00d6vertorne\u00e5 - Tornedalen - Norrbotten - Norrland\" \/>\n<meta property=\"og:url\" content=\"https:\/\/www.opti-x.com\/fi\/kopvillkor\/\" \/>\n<meta property=\"og:site_name\" content=\"Motoroptimering - Adblue - DPF | Opti-X AB\" \/>\n<meta property=\"article:publisher\" content=\"https:\/\/www.facebook.com\/optixab\/\" \/>\n<meta property=\"article:modified_time\" content=\"2021-07-22T07:27:50+00:00\" \/>\n<meta property=\"og:image\" content=\"https:\/\/www.opti-x.com\/wp-content\/uploads\/2020\/12\/preview.png\" \/>\n\t<meta property=\"og:image:width\" content=\"530\" \/>\n\t<meta property=\"og:image:height\" content=\"281\" \/>\n\t<meta property=\"og:image:type\" content=\"image\/png\" \/>\n<meta name=\"twitter:card\" content=\"summary_large_image\" \/>\n<meta name=\"twitter:label1\" content=\"Arvioitu lukuaika\" \/>\n\t<meta name=\"twitter:data1\" content=\"3 minuuttia\" \/>\n<script type=\"application\/ld+json\" class=\"yoast-schema-graph\">{\"@context\":\"https:\\\/\\\/schema.org\",\"@graph\":[{\"@type\":\"WebPage\",\"@id\":\"https:\\\/\\\/www.opti-x.com\\\/kopvillkor\\\/\",\"url\":\"https:\\\/\\\/www.opti-x.com\\\/kopvillkor\\\/\",\"name\":\"Motoroptimering - Adblue - DPF | Opti-X AB\",\"isPartOf\":{\"@id\":\"https:\\\/\\\/www.opti-x.com\\\/#website\"},\"datePublished\":\"2020-05-31T08:55:06+00:00\",\"dateModified\":\"2021-07-22T07:27:50+00:00\",\"description\":\"Vi utf\u00f6r motoroptimering, fels\u00f6kning av elproblem i bil och tunga fordon, adblue och dpf l\u00f6sningar p\u00e5 m\u00e4rken s\u00e5 som Bmw, Mercedes, Audi, Renault, Kia, Toyota, Peugeuot, Nissan, Izuzu, Subaru, Skoda, Volvo. Samt optimering f\u00f6r bland annat s\u00e4nkt br\u00e4nslef\u00f6rbrukning. V\u00e5r verkstad finns i Haparanda men vi erbjuder \u00e4ven v\u00e5ra tj\u00e4nster p\u00e5 plats i exempelvis Arjeplog - Arvidsjaur - Boden - G\u00e4llivare - Haparanda - Jokkmokk - Kalix - Kiruna - Lule\u00e5 - Pajala - Pite\u00e5 - \u00c4lvsbyn - \u00d6verkalix - \u00d6vertorne\u00e5 - Tornedalen - Norrbotten - Norrland\",\"breadcrumb\":{\"@id\":\"https:\\\/\\\/www.opti-x.com\\\/kopvillkor\\\/#breadcrumb\"},\"inLanguage\":\"fi\",\"potentialAction\":[{\"@type\":\"ReadAction\",\"target\":[\"https:\\\/\\\/www.opti-x.com\\\/kopvillkor\\\/\"]}]},{\"@type\":\"BreadcrumbList\",\"@id\":\"https:\\\/\\\/www.opti-x.com\\\/kopvillkor\\\/#breadcrumb\",\"itemListElement\":[{\"@type\":\"ListItem\",\"position\":1,\"name\":\"Hem\",\"item\":\"https:\\\/\\\/www.opti-x.com\\\/\"},{\"@type\":\"ListItem\",\"position\":2,\"name\":\"K\u00f6pvillkor\"}]},{\"@type\":\"WebSite\",\"@id\":\"https:\\\/\\\/www.opti-x.com\\\/#website\",\"url\":\"https:\\\/\\\/www.opti-x.com\\\/\",\"name\":\"Motoroptimering - Adblue - DPF | Opti-X AB\",\"description\":\"Optimering, Adblue &amp; DPF l\u00f6sningar\",\"publisher\":{\"@id\":\"https:\\\/\\\/www.opti-x.com\\\/#organization\"},\"potentialAction\":[{\"@type\":\"SearchAction\",\"target\":{\"@type\":\"EntryPoint\",\"urlTemplate\":\"https:\\\/\\\/www.opti-x.com\\\/?s={search_term_string}\"},\"query-input\":{\"@type\":\"PropertyValueSpecification\",\"valueRequired\":true,\"valueName\":\"search_term_string\"}}],\"inLanguage\":\"fi\"},{\"@type\":\"Organization\",\"@id\":\"https:\\\/\\\/www.opti-x.com\\\/#organization\",\"name\":\"Motoroptimering - Adblue - DPF\",\"url\":\"https:\\\/\\\/www.opti-x.com\\\/\",\"logo\":{\"@type\":\"ImageObject\",\"inLanguage\":\"fi\",\"@id\":\"https:\\\/\\\/www.opti-x.com\\\/#\\\/schema\\\/logo\\\/image\\\/\",\"url\":\"https:\\\/\\\/www.opti-x.com\\\/wp-content\\\/uploads\\\/2020\\\/03\\\/logo-mk1-2.png\",\"contentUrl\":\"https:\\\/\\\/www.opti-x.com\\\/wp-content\\\/uploads\\\/2020\\\/03\\\/logo-mk1-2.png\",\"width\":130,\"height\":46,\"caption\":\"Motoroptimering - Adblue - DPF\"},\"image\":{\"@id\":\"https:\\\/\\\/www.opti-x.com\\\/#\\\/schema\\\/logo\\\/image\\\/\"},\"sameAs\":[\"https:\\\/\\\/www.facebook.com\\\/optixab\\\/\",\"https:\\\/\\\/www.instagram.com\\\/optix_ab\\\/\"]}]}<\/script>\n<!-- \/ Yoast SEO plugin. -->","yoast_head_json":{"title":"Motoroptimering - Adblue - DPF | Opti-X AB","description":"Vi utf\u00f6r motoroptimering, fels\u00f6kning av elproblem i bil och tunga fordon, adblue och dpf l\u00f6sningar p\u00e5 m\u00e4rken s\u00e5 som Bmw, Mercedes, Audi, Renault, Kia, Toyota, Peugeuot, Nissan, Izuzu, Subaru, Skoda, Volvo. Samt optimering f\u00f6r bland annat s\u00e4nkt br\u00e4nslef\u00f6rbrukning. V\u00e5r verkstad finns i Haparanda men vi erbjuder \u00e4ven v\u00e5ra tj\u00e4nster p\u00e5 plats i exempelvis Arjeplog - Arvidsjaur - Boden - G\u00e4llivare - Haparanda - Jokkmokk - Kalix - Kiruna - Lule\u00e5 - Pajala - Pite\u00e5 - \u00c4lvsbyn - \u00d6verkalix - \u00d6vertorne\u00e5 - Tornedalen - Norrbotten - Norrland","robots":{"index":"index","follow":"follow","max-snippet":"max-snippet:-1","max-image-preview":"max-image-preview:large","max-video-preview":"max-video-preview:-1"},"canonical":"https:\/\/www.opti-x.com\/fi\/kopvillkor\/","og_locale":"fi_FI","og_type":"article","og_title":"Motoroptimering - Adblue - DPF | Opti-X AB","og_description":"Vi utf\u00f6r motoroptimering, fels\u00f6kning av elproblem i bil och tunga fordon, adblue och dpf l\u00f6sningar p\u00e5 m\u00e4rken s\u00e5 som Bmw, Mercedes, Audi, Renault, Kia, Toyota, Peugeuot, Nissan, Izuzu, Subaru, Skoda, Volvo. Samt optimering f\u00f6r bland annat s\u00e4nkt br\u00e4nslef\u00f6rbrukning. V\u00e5r verkstad finns i Haparanda men vi erbjuder \u00e4ven v\u00e5ra tj\u00e4nster p\u00e5 plats i exempelvis Arjeplog - Arvidsjaur - Boden - G\u00e4llivare - Haparanda - Jokkmokk - Kalix - Kiruna - Lule\u00e5 - Pajala - Pite\u00e5 - \u00c4lvsbyn - \u00d6verkalix - \u00d6vertorne\u00e5 - Tornedalen - Norrbotten - Norrland","og_url":"https:\/\/www.opti-x.com\/fi\/kopvillkor\/","og_site_name":"Motoroptimering - Adblue - DPF | Opti-X AB","article_publisher":"https:\/\/www.facebook.com\/optixab\/","article_modified_time":"2021-07-22T07:27:50+00:00","og_image":[{"width":530,"height":281,"url":"https:\/\/www.opti-x.com\/wp-content\/uploads\/2020\/12\/preview.png","type":"image\/png"}],"twitter_card":"summary_large_image","twitter_misc":{"Arvioitu lukuaika":"3 minuuttia"},"schema":{"@context":"https:\/\/schema.org","@graph":[{"@type":"WebPage","@id":"https:\/\/www.opti-x.com\/kopvillkor\/","url":"https:\/\/www.opti-x.com\/kopvillkor\/","name":"Motoroptimering - Adblue - DPF | Opti-X AB","isPartOf":{"@id":"https:\/\/www.opti-x.com\/#website"},"datePublished":"2020-05-31T08:55:06+00:00","dateModified":"2021-07-22T07:27:50+00:00","description":"Vi utf\u00f6r motoroptimering, fels\u00f6kning av elproblem i bil och tunga fordon, adblue och dpf l\u00f6sningar p\u00e5 m\u00e4rken s\u00e5 som Bmw, Mercedes, Audi, Renault, Kia, Toyota, Peugeuot, Nissan, Izuzu, Subaru, Skoda, Volvo. Samt optimering f\u00f6r bland annat s\u00e4nkt br\u00e4nslef\u00f6rbrukning. V\u00e5r verkstad finns i Haparanda men vi erbjuder \u00e4ven v\u00e5ra tj\u00e4nster p\u00e5 plats i exempelvis Arjeplog - Arvidsjaur - Boden - G\u00e4llivare - Haparanda - Jokkmokk - Kalix - Kiruna - Lule\u00e5 - Pajala - Pite\u00e5 - \u00c4lvsbyn - \u00d6verkalix - \u00d6vertorne\u00e5 - Tornedalen - Norrbotten - Norrland","breadcrumb":{"@id":"https:\/\/www.opti-x.com\/kopvillkor\/#breadcrumb"},"inLanguage":"fi","potentialAction":[{"@type":"ReadAction","target":["https:\/\/www.opti-x.com\/kopvillkor\/"]}]},{"@type":"BreadcrumbList","@id":"https:\/\/www.opti-x.com\/kopvillkor\/#breadcrumb","itemListElement":[{"@type":"ListItem","position":1,"name":"Hem","item":"https:\/\/www.opti-x.com\/"},{"@type":"ListItem","position":2,"name":"K\u00f6pvillkor"}]},{"@type":"WebSite","@id":"https:\/\/www.opti-x.com\/#website","url":"https:\/\/www.opti-x.com\/","name":"Motoroptimering - Adblue - DPF | Opti-X AB","description":"Optimering, Adblue &amp; DPF l\u00f6sningar","publisher":{"@id":"https:\/\/www.opti-x.com\/#organization"},"potentialAction":[{"@type":"SearchAction","target":{"@type":"EntryPoint","urlTemplate":"https:\/\/www.opti-x.com\/?s={search_term_string}"},"query-input":{"@type":"PropertyValueSpecification","valueRequired":true,"valueName":"search_term_string"}}],"inLanguage":"fi"},{"@type":"Organization","@id":"https:\/\/www.opti-x.com\/#organization","name":"Motoroptimering - Adblue - DPF","url":"https:\/\/www.opti-x.com\/","logo":{"@type":"ImageObject","inLanguage":"fi","@id":"https:\/\/www.opti-x.com\/#\/schema\/logo\/image\/","url":"https:\/\/www.opti-x.com\/wp-content\/uploads\/2020\/03\/logo-mk1-2.png","contentUrl":"https:\/\/www.opti-x.com\/wp-content\/uploads\/2020\/03\/logo-mk1-2.png","width":130,"height":46,"caption":"Motoroptimering - Adblue - DPF"},"image":{"@id":"https:\/\/www.opti-x.com\/#\/schema\/logo\/image\/"},"sameAs":["https:\/\/www.facebook.com\/optixab\/","https:\/\/www.instagram.com\/optix_ab\/"]}]}},"_links":{"self":[{"href":"https:\/\/www.opti-x.com\/fi\/wp-json\/wp\/v2\/pages\/4438","targetHints":{"allow":["GET"]}}],"collection":[{"href":"https:\/\/www.opti-x.com\/fi\/wp-json\/wp\/v2\/pages"}],"about":[{"href":"https:\/\/www.opti-x.com\/fi\/wp-json\/wp\/v2\/types\/page"}],"author":[{"embeddable":true,"href":"https:\/\/www.opti-x.com\/fi\/wp-json\/wp\/v2\/users\/1"}],"replies":[{"embeddable":true,"href":"https:\/\/www.opti-x.com\/fi\/wp-json\/wp\/v2\/comments?post=4438"}],"version-history":[{"count":12,"href":"https:\/\/www.opti-x.com\/fi\/wp-json\/wp\/v2\/pages\/4438\/revisions"}],"predecessor-version":[{"id":5507,"href":"https:\/\/www.opti-x.com\/fi\/wp-json\/wp\/v2\/pages\/4438\/revisions\/5507"}],"wp:attachment":[{"href":"https:\/\/www.opti-x.com\/fi\/wp-json\/wp\/v2\/media?parent=4438"}],"curies":[{"name":"wp","href":"https:\/\/api.w.org\/{rel}","templated":true}]}}