{"id":5188,"date":"2021-03-26T20:31:12","date_gmt":"2021-03-26T19:31:12","guid":{"rendered":"https:\/\/www.opti-x.com\/?post_type=product&#038;p=5188"},"modified":"2021-08-11T14:24:28","modified_gmt":"2021-08-11T12:24:28","slug":"volvo-ce-gm-maskiner-dpf-off","status":"publish","type":"product","link":"https:\/\/www.opti-x.com\/fi\/shop\/dpf\/volvo-ce-gm-maskiner-dpf-off\/","title":{"rendered":"Volvo CE mindre Maskiner \u2013 DPF off"},"content":{"rendered":"<p>L\u00e4ttmonterad emulator modul f\u00f6r avst\u00e4ngning av DPF p\u00e5 Volvo CE Maskiner med mindre motorstorlek.<br \/>\nModulen \u00e4r vattent\u00e4t och installationen \u00e4r superenkelt och kr\u00e4ver inga datorkunskaper.<\/p>\n<p>Bara att plugga in modulen i ditt fordon sen \u00e4r det klart.<\/p>\n<p>Passar modeller:<\/p>\n<ul>\n<li><strong>Hjulburna Asfaltl\u00e4ggare:<\/strong>\n<ul>\n<li>P5770C ABG<\/li>\n<li>P5870C ABG<\/li>\n<li>P6820C ABG<\/li>\n<li>P6870C ABG<\/li>\n<\/ul>\n<p><strong>Gr\u00e4vmaskiner:<\/strong><\/p>\n<ul>\n<li>ECR145D<\/li>\n<li>EC140D<\/li>\n<li>EC160D<\/li>\n<li>EC180D<\/li>\n<li>EC220D<\/li>\n<li>EC235D<\/li>\n<li>EC250D<\/li>\n<li>EC300D<\/li>\n<li>EW140D<\/li>\n<li>EW160D<\/li>\n<li>EW180D<\/li>\n<li>EW210D<\/li>\n<\/ul>\n<p><strong>Kompakt hjullastare:<\/strong><\/p>\n<ul>\n<li>L45G<\/li>\n<li>L50G<\/li>\n<\/ul>\n<p><strong>Lastare:<\/strong><\/p>\n<ul>\n<li>L60G<\/li>\n<li>L70G<\/li>\n<li>L90G<\/li>\n<li>L110G<\/li>\n<li>L120G<\/li>\n<\/ul>\n<p><strong>R\u00f6rl\u00e4ggare:<\/strong><\/p>\n<ul>\n<li>PL3005D<\/li>\n<\/ul>\n<p><strong>Kompatibla motrer:<\/strong><\/p>\n<ul>\n<li>D4H<\/li>\n<li>D6H<\/li>\n<li>D8H<\/li>\n<\/ul>\n<\/li>\n<\/ul>\n<p>Hittar du inte din modell?<br \/>\nInget att oroa sig f\u00f6r, <a href=\"https:\/\/www.opti-x.com\/fi\/shop\/adblue-dpf\/andra-marken-dpf-adblue-off\/\">kolla in v\u00e5r modellanpassade box<\/a>.<\/p>\n<p>Eller <a href=\"https:\/\/www.opti-x.com\/fi\/kontakt\/\">kontakta oss<\/a> p\u00e5 telefon, mail eller sociala medier s\u00e5 l\u00f6ser vi det.<\/p>","protected":false},"excerpt":{"rendered":"<p>L\u00e4ttmonterad emulator modul f\u00f6r avst\u00e4ngning av DPF p\u00e5 Volvo CE Maskiner med mindre motorstorlek.<\/p>","protected":false},"featured_media":5184,"template":"","meta":[],"product_brand":[],"product_cat":[446],"product_tag":[],"class_list":{"0":"post-5188","1":"product","2":"type-product","3":"status-publish","4":"has-post-thumbnail","6":"product_cat-dpf","7":"product_shipping_class-max-25x20x10cm-1kg","8":"product_badges-kampanj","9":"tm-no-options","11":"first","12":"instock","13":"sale","14":"taxable","15":"shipping-taxable","16":"purchasable","17":"product-type-simple"},"yoast_head":"<!-- This site is optimized with the Yoast SEO plugin v27.4 - https:\/\/yoast.com\/product\/yoast-seo-wordpress\/ -->\n<title>Volvo CE mindre Maskiner \u2013 DPF off - Motoroptimering - Adblue - DPF | Opti-X AB<\/title>\n<meta name=\"description\" content=\"Vi utf\u00f6r motoroptimering, fels\u00f6kning av elproblem i bil och tunga fordon, adblue och dpf l\u00f6sningar p\u00e5 m\u00e4rken s\u00e5 som Bmw, Mercedes, Audi, Renault, Kia, Toyota, Peugeuot, Nissan, Izuzu, Subaru, Skoda, Volvo. Samt optimering f\u00f6r bland annat s\u00e4nkt br\u00e4nslef\u00f6rbrukning. V\u00e5r verkstad finns i Haparanda men vi erbjuder \u00e4ven v\u00e5ra tj\u00e4nster p\u00e5 plats i exempelvis Arjeplog - Arvidsjaur - Boden - G\u00e4llivare - Haparanda - Jokkmokk - Kalix - Kiruna - Lule\u00e5 - Pajala - Pite\u00e5 - \u00c4lvsbyn - \u00d6verkalix - \u00d6vertorne\u00e5 - Tornedalen - Norrbotten - Norrland\" \/>\n<meta name=\"robots\" content=\"noindex, follow\" \/>\n<meta property=\"og:locale\" content=\"fi_FI\" \/>\n<meta property=\"og:type\" content=\"article\" \/>\n<meta property=\"og:title\" content=\"Volvo CE mindre Maskiner \u2013 DPF off - Motoroptimering - Adblue - DPF | Opti-X AB\" \/>\n<meta property=\"og:description\" content=\"Vi utf\u00f6r motoroptimering, fels\u00f6kning av elproblem i bil och tunga fordon, adblue och dpf l\u00f6sningar p\u00e5 m\u00e4rken s\u00e5 som Bmw, Mercedes, Audi, Renault, Kia, Toyota, Peugeuot, Nissan, Izuzu, Subaru, Skoda, Volvo. Samt optimering f\u00f6r bland annat s\u00e4nkt br\u00e4nslef\u00f6rbrukning. V\u00e5r verkstad finns i Haparanda men vi erbjuder \u00e4ven v\u00e5ra tj\u00e4nster p\u00e5 plats i exempelvis Arjeplog - Arvidsjaur - Boden - G\u00e4llivare - Haparanda - Jokkmokk - Kalix - Kiruna - Lule\u00e5 - Pajala - Pite\u00e5 - \u00c4lvsbyn - \u00d6verkalix - \u00d6vertorne\u00e5 - Tornedalen - Norrbotten - Norrland\" \/>\n<meta property=\"og:url\" content=\"https:\/\/www.opti-x.com\/fi\/shop\/dpf\/volvo-ce-gm-maskiner-dpf-off\/\" \/>\n<meta property=\"og:site_name\" content=\"Motoroptimering - Adblue - DPF | Opti-X AB\" \/>\n<meta property=\"article:publisher\" content=\"https:\/\/www.facebook.com\/optixab\/\" \/>\n<meta property=\"article:modified_time\" content=\"2021-08-11T12:24:28+00:00\" \/>\n<meta property=\"og:image\" content=\"https:\/\/www.opti-x.com\/wp-content\/uploads\/2021\/03\/dpf-mid.png\" \/>\n\t<meta property=\"og:image:width\" content=\"1000\" \/>\n\t<meta property=\"og:image:height\" content=\"1000\" \/>\n\t<meta property=\"og:image:type\" content=\"image\/png\" \/>\n<meta name=\"twitter:card\" content=\"summary_large_image\" \/>\n<meta name=\"twitter:label1\" content=\"Arvioitu lukuaika\" \/>\n\t<meta name=\"twitter:data1\" content=\"1 minuutti\" \/>\n<script type=\"application\/ld+json\" class=\"yoast-schema-graph\">{\"@context\":\"https:\\\/\\\/schema.org\",\"@graph\":[{\"@type\":\"WebPage\",\"@id\":\"https:\\\/\\\/www.opti-x.com\\\/shop\\\/dpf\\\/volvo-ce-gm-maskiner-dpf-off\\\/\",\"url\":\"https:\\\/\\\/www.opti-x.com\\\/shop\\\/dpf\\\/volvo-ce-gm-maskiner-dpf-off\\\/\",\"name\":\"Volvo CE mindre Maskiner \u2013 DPF off - Motoroptimering - Adblue - DPF | Opti-X AB\",\"isPartOf\":{\"@id\":\"https:\\\/\\\/www.opti-x.com\\\/#website\"},\"primaryImageOfPage\":{\"@id\":\"https:\\\/\\\/www.opti-x.com\\\/shop\\\/dpf\\\/volvo-ce-gm-maskiner-dpf-off\\\/#primaryimage\"},\"image\":{\"@id\":\"https:\\\/\\\/www.opti-x.com\\\/shop\\\/dpf\\\/volvo-ce-gm-maskiner-dpf-off\\\/#primaryimage\"},\"thumbnailUrl\":\"https:\\\/\\\/www.opti-x.com\\\/wp-content\\\/uploads\\\/2021\\\/03\\\/dpf-mid.png\",\"datePublished\":\"2021-03-26T19:31:12+00:00\",\"dateModified\":\"2021-08-11T12:24:28+00:00\",\"description\":\"Vi utf\u00f6r motoroptimering, fels\u00f6kning av elproblem i bil och tunga fordon, adblue och dpf l\u00f6sningar p\u00e5 m\u00e4rken s\u00e5 som Bmw, Mercedes, Audi, Renault, Kia, Toyota, Peugeuot, Nissan, Izuzu, Subaru, Skoda, Volvo. Samt optimering f\u00f6r bland annat s\u00e4nkt br\u00e4nslef\u00f6rbrukning. V\u00e5r verkstad finns i Haparanda men vi erbjuder \u00e4ven v\u00e5ra tj\u00e4nster p\u00e5 plats i exempelvis Arjeplog - Arvidsjaur - Boden - G\u00e4llivare - Haparanda - Jokkmokk - Kalix - Kiruna - Lule\u00e5 - Pajala - Pite\u00e5 - \u00c4lvsbyn - \u00d6verkalix - \u00d6vertorne\u00e5 - Tornedalen - Norrbotten - Norrland\",\"breadcrumb\":{\"@id\":\"https:\\\/\\\/www.opti-x.com\\\/shop\\\/dpf\\\/volvo-ce-gm-maskiner-dpf-off\\\/#breadcrumb\"},\"inLanguage\":\"fi\",\"potentialAction\":[{\"@type\":\"ReadAction\",\"target\":[\"https:\\\/\\\/www.opti-x.com\\\/shop\\\/dpf\\\/volvo-ce-gm-maskiner-dpf-off\\\/\"]}]},{\"@type\":\"ImageObject\",\"inLanguage\":\"fi\",\"@id\":\"https:\\\/\\\/www.opti-x.com\\\/shop\\\/dpf\\\/volvo-ce-gm-maskiner-dpf-off\\\/#primaryimage\",\"url\":\"https:\\\/\\\/www.opti-x.com\\\/wp-content\\\/uploads\\\/2021\\\/03\\\/dpf-mid.png\",\"contentUrl\":\"https:\\\/\\\/www.opti-x.com\\\/wp-content\\\/uploads\\\/2021\\\/03\\\/dpf-mid.png\",\"width\":1000,\"height\":1000},{\"@type\":\"BreadcrumbList\",\"@id\":\"https:\\\/\\\/www.opti-x.com\\\/shop\\\/dpf\\\/volvo-ce-gm-maskiner-dpf-off\\\/#breadcrumb\",\"itemListElement\":[{\"@type\":\"ListItem\",\"position\":1,\"name\":\"Hem\",\"item\":\"https:\\\/\\\/www.opti-x.com\\\/\"},{\"@type\":\"ListItem\",\"position\":2,\"name\":\"Produkter\",\"item\":\"https:\\\/\\\/www.opti-x.com\\\/produkter\\\/\"},{\"@type\":\"ListItem\",\"position\":3,\"name\":\"Volvo CE mindre Maskiner \u2013 DPF off\"}]},{\"@type\":\"WebSite\",\"@id\":\"https:\\\/\\\/www.opti-x.com\\\/#website\",\"url\":\"https:\\\/\\\/www.opti-x.com\\\/\",\"name\":\"Motoroptimering - Adblue - DPF | Opti-X AB\",\"description\":\"Optimering, Adblue &amp; DPF l\u00f6sningar\",\"publisher\":{\"@id\":\"https:\\\/\\\/www.opti-x.com\\\/#organization\"},\"potentialAction\":[{\"@type\":\"SearchAction\",\"target\":{\"@type\":\"EntryPoint\",\"urlTemplate\":\"https:\\\/\\\/www.opti-x.com\\\/?s={search_term_string}\"},\"query-input\":{\"@type\":\"PropertyValueSpecification\",\"valueRequired\":true,\"valueName\":\"search_term_string\"}}],\"inLanguage\":\"fi\"},{\"@type\":\"Organization\",\"@id\":\"https:\\\/\\\/www.opti-x.com\\\/#organization\",\"name\":\"Motoroptimering - Adblue - DPF\",\"url\":\"https:\\\/\\\/www.opti-x.com\\\/\",\"logo\":{\"@type\":\"ImageObject\",\"inLanguage\":\"fi\",\"@id\":\"https:\\\/\\\/www.opti-x.com\\\/#\\\/schema\\\/logo\\\/image\\\/\",\"url\":\"https:\\\/\\\/www.opti-x.com\\\/wp-content\\\/uploads\\\/2020\\\/03\\\/logo-mk1-2.png\",\"contentUrl\":\"https:\\\/\\\/www.opti-x.com\\\/wp-content\\\/uploads\\\/2020\\\/03\\\/logo-mk1-2.png\",\"width\":130,\"height\":46,\"caption\":\"Motoroptimering - Adblue - DPF\"},\"image\":{\"@id\":\"https:\\\/\\\/www.opti-x.com\\\/#\\\/schema\\\/logo\\\/image\\\/\"},\"sameAs\":[\"https:\\\/\\\/www.facebook.com\\\/optixab\\\/\",\"https:\\\/\\\/www.instagram.com\\\/optix_ab\\\/\"]}]}<\/script>\n<!-- \/ Yoast SEO plugin. -->","yoast_head_json":{"title":"Volvo CE mindre Maskiner \u2013 DPF off - Motoroptimering - Adblue - DPF | Opti-X AB","description":"Vi utf\u00f6r motoroptimering, fels\u00f6kning av elproblem i bil och tunga fordon, adblue och dpf l\u00f6sningar p\u00e5 m\u00e4rken s\u00e5 som Bmw, Mercedes, Audi, Renault, Kia, Toyota, Peugeuot, Nissan, Izuzu, Subaru, Skoda, Volvo. Samt optimering f\u00f6r bland annat s\u00e4nkt br\u00e4nslef\u00f6rbrukning. V\u00e5r verkstad finns i Haparanda men vi erbjuder \u00e4ven v\u00e5ra tj\u00e4nster p\u00e5 plats i exempelvis Arjeplog - Arvidsjaur - Boden - G\u00e4llivare - Haparanda - Jokkmokk - Kalix - Kiruna - Lule\u00e5 - Pajala - Pite\u00e5 - \u00c4lvsbyn - \u00d6verkalix - \u00d6vertorne\u00e5 - Tornedalen - Norrbotten - Norrland","robots":{"index":"noindex","follow":"follow"},"og_locale":"fi_FI","og_type":"article","og_title":"Volvo CE mindre Maskiner \u2013 DPF off - Motoroptimering - Adblue - DPF | Opti-X AB","og_description":"Vi utf\u00f6r motoroptimering, fels\u00f6kning av elproblem i bil och tunga fordon, adblue och dpf l\u00f6sningar p\u00e5 m\u00e4rken s\u00e5 som Bmw, Mercedes, Audi, Renault, Kia, Toyota, Peugeuot, Nissan, Izuzu, Subaru, Skoda, Volvo. Samt optimering f\u00f6r bland annat s\u00e4nkt br\u00e4nslef\u00f6rbrukning. V\u00e5r verkstad finns i Haparanda men vi erbjuder \u00e4ven v\u00e5ra tj\u00e4nster p\u00e5 plats i exempelvis Arjeplog - Arvidsjaur - Boden - G\u00e4llivare - Haparanda - Jokkmokk - Kalix - Kiruna - Lule\u00e5 - Pajala - Pite\u00e5 - \u00c4lvsbyn - \u00d6verkalix - \u00d6vertorne\u00e5 - Tornedalen - Norrbotten - Norrland","og_url":"https:\/\/www.opti-x.com\/fi\/shop\/dpf\/volvo-ce-gm-maskiner-dpf-off\/","og_site_name":"Motoroptimering - Adblue - DPF | Opti-X AB","article_publisher":"https:\/\/www.facebook.com\/optixab\/","article_modified_time":"2021-08-11T12:24:28+00:00","og_image":[{"width":1000,"height":1000,"url":"https:\/\/www.opti-x.com\/wp-content\/uploads\/2021\/03\/dpf-mid.png","type":"image\/png"}],"twitter_card":"summary_large_image","twitter_misc":{"Arvioitu lukuaika":"1 minuutti"},"schema":{"@context":"https:\/\/schema.org","@graph":[{"@type":"WebPage","@id":"https:\/\/www.opti-x.com\/shop\/dpf\/volvo-ce-gm-maskiner-dpf-off\/","url":"https:\/\/www.opti-x.com\/shop\/dpf\/volvo-ce-gm-maskiner-dpf-off\/","name":"Volvo CE mindre Maskiner \u2013 DPF off - Motoroptimering - Adblue - DPF | Opti-X AB","isPartOf":{"@id":"https:\/\/www.opti-x.com\/#website"},"primaryImageOfPage":{"@id":"https:\/\/www.opti-x.com\/shop\/dpf\/volvo-ce-gm-maskiner-dpf-off\/#primaryimage"},"image":{"@id":"https:\/\/www.opti-x.com\/shop\/dpf\/volvo-ce-gm-maskiner-dpf-off\/#primaryimage"},"thumbnailUrl":"https:\/\/www.opti-x.com\/wp-content\/uploads\/2021\/03\/dpf-mid.png","datePublished":"2021-03-26T19:31:12+00:00","dateModified":"2021-08-11T12:24:28+00:00","description":"Vi utf\u00f6r motoroptimering, fels\u00f6kning av elproblem i bil och tunga fordon, adblue och dpf l\u00f6sningar p\u00e5 m\u00e4rken s\u00e5 som Bmw, Mercedes, Audi, Renault, Kia, Toyota, Peugeuot, Nissan, Izuzu, Subaru, Skoda, Volvo. Samt optimering f\u00f6r bland annat s\u00e4nkt br\u00e4nslef\u00f6rbrukning. V\u00e5r verkstad finns i Haparanda men vi erbjuder \u00e4ven v\u00e5ra tj\u00e4nster p\u00e5 plats i exempelvis Arjeplog - Arvidsjaur - Boden - G\u00e4llivare - Haparanda - Jokkmokk - Kalix - Kiruna - Lule\u00e5 - Pajala - Pite\u00e5 - \u00c4lvsbyn - \u00d6verkalix - \u00d6vertorne\u00e5 - Tornedalen - Norrbotten - Norrland","breadcrumb":{"@id":"https:\/\/www.opti-x.com\/shop\/dpf\/volvo-ce-gm-maskiner-dpf-off\/#breadcrumb"},"inLanguage":"fi","potentialAction":[{"@type":"ReadAction","target":["https:\/\/www.opti-x.com\/shop\/dpf\/volvo-ce-gm-maskiner-dpf-off\/"]}]},{"@type":"ImageObject","inLanguage":"fi","@id":"https:\/\/www.opti-x.com\/shop\/dpf\/volvo-ce-gm-maskiner-dpf-off\/#primaryimage","url":"https:\/\/www.opti-x.com\/wp-content\/uploads\/2021\/03\/dpf-mid.png","contentUrl":"https:\/\/www.opti-x.com\/wp-content\/uploads\/2021\/03\/dpf-mid.png","width":1000,"height":1000},{"@type":"BreadcrumbList","@id":"https:\/\/www.opti-x.com\/shop\/dpf\/volvo-ce-gm-maskiner-dpf-off\/#breadcrumb","itemListElement":[{"@type":"ListItem","position":1,"name":"Hem","item":"https:\/\/www.opti-x.com\/"},{"@type":"ListItem","position":2,"name":"Produkter","item":"https:\/\/www.opti-x.com\/produkter\/"},{"@type":"ListItem","position":3,"name":"Volvo CE mindre Maskiner \u2013 DPF off"}]},{"@type":"WebSite","@id":"https:\/\/www.opti-x.com\/#website","url":"https:\/\/www.opti-x.com\/","name":"Motoroptimering - Adblue - DPF | Opti-X AB","description":"Optimering, Adblue &amp; DPF l\u00f6sningar","publisher":{"@id":"https:\/\/www.opti-x.com\/#organization"},"potentialAction":[{"@type":"SearchAction","target":{"@type":"EntryPoint","urlTemplate":"https:\/\/www.opti-x.com\/?s={search_term_string}"},"query-input":{"@type":"PropertyValueSpecification","valueRequired":true,"valueName":"search_term_string"}}],"inLanguage":"fi"},{"@type":"Organization","@id":"https:\/\/www.opti-x.com\/#organization","name":"Motoroptimering - Adblue - DPF","url":"https:\/\/www.opti-x.com\/","logo":{"@type":"ImageObject","inLanguage":"fi","@id":"https:\/\/www.opti-x.com\/#\/schema\/logo\/image\/","url":"https:\/\/www.opti-x.com\/wp-content\/uploads\/2020\/03\/logo-mk1-2.png","contentUrl":"https:\/\/www.opti-x.com\/wp-content\/uploads\/2020\/03\/logo-mk1-2.png","width":130,"height":46,"caption":"Motoroptimering - Adblue - DPF"},"image":{"@id":"https:\/\/www.opti-x.com\/#\/schema\/logo\/image\/"},"sameAs":["https:\/\/www.facebook.com\/optixab\/","https:\/\/www.instagram.com\/optix_ab\/"]}]}},"_links":{"self":[{"href":"https:\/\/www.opti-x.com\/fi\/wp-json\/wp\/v2\/product\/5188","targetHints":{"allow":["GET"]}}],"collection":[{"href":"https:\/\/www.opti-x.com\/fi\/wp-json\/wp\/v2\/product"}],"about":[{"href":"https:\/\/www.opti-x.com\/fi\/wp-json\/wp\/v2\/types\/product"}],"version-history":[{"count":4,"href":"https:\/\/www.opti-x.com\/fi\/wp-json\/wp\/v2\/product\/5188\/revisions"}],"predecessor-version":[{"id":5603,"href":"https:\/\/www.opti-x.com\/fi\/wp-json\/wp\/v2\/product\/5188\/revisions\/5603"}],"wp:featuredmedia":[{"embeddable":true,"href":"https:\/\/www.opti-x.com\/fi\/wp-json\/wp\/v2\/media\/5184"}],"wp:attachment":[{"href":"https:\/\/www.opti-x.com\/fi\/wp-json\/wp\/v2\/media?parent=5188"}],"wp:term":[{"taxonomy":"product_brand","embeddable":true,"href":"https:\/\/www.opti-x.com\/fi\/wp-json\/wp\/v2\/product_brand?post=5188"},{"taxonomy":"product_cat","embeddable":true,"href":"https:\/\/www.opti-x.com\/fi\/wp-json\/wp\/v2\/product_cat?post=5188"},{"taxonomy":"product_tag","embeddable":true,"href":"https:\/\/www.opti-x.com\/fi\/wp-json\/wp\/v2\/product_tag?post=5188"}],"curies":[{"name":"wp","href":"https:\/\/api.w.org\/{rel}","templated":true}]}}